{"id":906,"date":"2018-06-19T08:05:27","date_gmt":"2018-06-19T08:05:27","guid":{"rendered":"https:\/\/bioforester.it\/?page_id=906"},"modified":"2020-01-26T14:52:30","modified_gmt":"2020-01-26T14:52:30","slug":"preise","status":"publish","type":"page","link":"https:\/\/bioforester.it\/de\/preise\/","title":{"rendered":"Preise"},"content":{"rendered":"<h4 style=\"text-align: center;\"><strong>PREISE G\u00dcLTIG VOM 01\/03\/19 BIS 15\/06\/2020, VOM\u00a001\/09\/2020 BIS 31\/10\/2020<\/strong><\/h4>\n\n<table id=\"tablepress-3\" class=\"tablepress tablepress-id-3\">\n<thead>\n<tr class=\"row-1\">\n\t<th colspan=\"4\" class=\"column-1\">Preise pro tag pro wohnung<\/th><td class=\"column-5\"><\/td><th colspan=\"3\" class=\"column-6\">Wochenpreise 7 tage<\/th>\n<\/tr>\n<\/thead>\n<tbody class=\"row-striping row-hover\">\n<tr class=\"row-2\">\n\t<td class=\"column-1\">Wohnung<\/td><td class=\"column-2\">2 Personen<\/td><td class=\"column-3\">3 Personen<\/td><td class=\"column-4\">4 Personen<\/td><td class=\"column-5\"><\/td><td class=\"column-6\">2 Personen<\/td><td class=\"column-7\">3 Personen<\/td><td class=\"column-8\">4 Personen<\/td>\n<\/tr>\n<tr class=\"row-3\">\n\t<td class=\"column-1\">Senatore Cappelli<\/td><td class=\"column-2\">\u20ac 105.00<\/td><td class=\"column-3\">\u20ac 155.00 <\/td><td class=\"column-4\">\u20ac 210.00<\/td><td class=\"column-5\"><\/td><td class=\"column-6\">\u20ac 670.00<\/td><td class=\"column-7\">\u20ac 725.00<\/td><td class=\"column-8\">\u20ac 795.00<\/td>\n<\/tr>\n<tr class=\"row-4\">\n\t<td class=\"column-1\">Belgrano<\/td><td class=\"column-2\">\u20ac 95.00<\/td><td class=\"column-3\">\u20ac 140.00<\/td><td class=\"column-4\">\u20ac 190.00<\/td><td class=\"column-5\"><\/td><td class=\"column-6\">\u20ac 605.00<\/td><td class=\"column-7\">\u20ac 650.00<\/td><td class=\"column-8\">\u20ac 705.00<\/td>\n<\/tr>\n<tr class=\"row-5\">\n\t<td class=\"column-1\">Gentil Rosso<\/td><td class=\"column-2\">\u20ac 105.00<\/td><td class=\"column-3\">\u20ac 155.00<\/td><td class=\"column-4\">\u20ac 210.00<\/td><td class=\"column-5\"><\/td><td class=\"column-6\">\u20ac 670.00<\/td><td class=\"column-7\">\u20ac 725.00<\/td><td class=\"column-8\">\u20ac 795.00<\/td>\n<\/tr>\n<\/tbody>\n<\/table>\n<!-- #tablepress-3 from cache -->\n<h4 style=\"text-align: center;\"><strong>PREISE G\u00dcLTIG VOM\u00a016\/06\/2020 BIS\u00a031\/08\/2020<\/strong><\/h4>\n\n<table id=\"tablepress-4\" class=\"tablepress tablepress-id-4\">\n<thead>\n<tr class=\"row-1\">\n\t<th colspan=\"4\" class=\"column-1\">Preise pro tag pro wohnung<\/th><td class=\"column-5\"><\/td><th colspan=\"3\" class=\"column-6\">Wochenpreise 7 tage<\/th>\n<\/tr>\n<\/thead>\n<tbody class=\"row-striping row-hover\">\n<tr class=\"row-2\">\n\t<td class=\"column-1\">Wohnung<\/td><td class=\"column-2\">2 Personen<\/td><td class=\"column-3\">3 Personen<\/td><td class=\"column-4\">4 Personen<\/td><td class=\"column-5\"><\/td><td class=\"column-6\">2 Personen<\/td><td class=\"column-7\">3 Personen<\/td><td class=\"column-8\">4 Personen<\/td>\n<\/tr>\n<tr class=\"row-3\">\n\t<td class=\"column-1\">Senatore Cappelli<\/td><td class=\"column-2\">\u20ac 135.00<\/td><td class=\"column-3\">\u20ac 205.00<\/td><td class=\"column-4\">\u20ac 290.00<\/td><td class=\"column-5\"><\/td><td class=\"column-6\">\u20ac 880.00<\/td><td class=\"column-7\">\u20ac 945.00<\/td><td class=\"column-8\">\u20ac 1030.00<\/td>\n<\/tr>\n<tr class=\"row-4\">\n\t<td class=\"column-1\">Belgrano<\/td><td class=\"column-2\">\u20ac 115.00<\/td><td class=\"column-3\">\u20ac 155.00<\/td><td class=\"column-4\">\u20ac 225.00<\/td><td class=\"column-5\"><\/td><td class=\"column-6\">\u20ac 850.00<\/td><td class=\"column-7\">\u20ac 905.00<\/td><td class=\"column-8\">\u20ac 980.00<\/td>\n<\/tr>\n<tr class=\"row-5\">\n\t<td class=\"column-1\">Gentil Rosso<\/td><td class=\"column-2\">\u20ac 135.00<\/td><td class=\"column-3\">\u20ac 205.00<\/td><td class=\"column-4\">\u20ac 290.00 <\/td><td class=\"column-5\"><\/td><td class=\"column-6\">\u20ac 880.00<\/td><td class=\"column-7\">\u20ac 945.00<\/td><td class=\"column-8\">\u20ac 1030.00<\/td>\n<\/tr>\n<\/tbody>\n<\/table>\n<!-- #tablepress-4 from cache -->\n<p>T\u00c4GLICHE PREISE BIS DREI \u00dcBERNACHTUNGEN ENTHALTEN<strong>: W\u00c4SCHE UND ENDREINIGUNG<\/strong><strong>\u00a0 <\/strong><\/p>\n<p>T\u00c4GLICHE PREISE \u00dcBER DREI \u00dcBERNACHTUNGEN ENTHALTEN<strong>:\u00a0 W\u00c4SCHE AUSTAUSCH UND T\u00c4GLICHE REINIGUNG<\/strong><\/p>\n<p>WOCHENPREISE\u00a0 ENTHALTEN<strong>: W\u00c4SCHE AUSTAUSCH UND T\u00c4GLICHE REINIGUNG<\/strong><\/p>\n<p><strong><u>F<\/u><\/strong><strong><u>\u00dcR AUFENTHALTE L\u00c4NGER ALS EINE WOCHE BIETEN WIR PREISNACHL\u00c4SSE<\/u><\/strong><\/p>\n<p><strong><u>F<\/u><\/strong><strong><u>\u00dcR WEITEREN INFORMATIONEN BITTE RUFEN SIE +39 3290212461 AN<\/u><\/strong><\/p>\n<p>oder: <a href=\"https:\/\/bioforester.it\/de\/kostenangebot\/\">Einen Kostenvoranschlag erfragen<\/a><\/p>\n","protected":false},"excerpt":{"rendered":"<p>PREISE G\u00dcLTIG VOM 01\/03\/19 BIS 15\/06\/2020, VOM\u00a001\/09\/2020 BIS 31\/10\/2020 PREISE G\u00dcLTIG VOM\u00a016\/06\/2020 BIS\u00a031\/08\/2020 T\u00c4GLICHE PREISE BIS DREI \u00dcBERNACHTUNGEN ENTHALTEN: W\u00c4SCHE UND ENDREINIGUNG\u00a0 T\u00c4GLICHE PREISE \u00dcBER DREI \u00dcBERNACHTUNGEN ENTHALTEN:\u00a0 W\u00c4SCHE AUSTAUSCH UND T\u00c4GLICHE REINIGUNG WOCHENPREISE\u00a0 ENTHALTEN: W\u00c4SCHE AUSTAUSCH UND T\u00c4GLICHE REINIGUNG F\u00dcR AUFENTHALTE L\u00c4NGER ALS EINE WOCHE BIETEN WIR PREISNACHL\u00c4SSE F\u00dcR WEITEREN INFORMATIONEN BITTE RUFEN SIE [&hellip;]<\/p>\n","protected":false},"author":2,"featured_media":0,"parent":0,"menu_order":4,"comment_status":"closed","ping_status":"closed","template":"","meta":[],"yoast_head":"<!-- This site is optimized with the Yoast SEO plugin v20.10 - https:\/\/yoast.com\/wordpress\/plugins\/seo\/ -->\n<title>Preise - BioForester a Manerba del Garda, appartamenti per vacanze sul Lago di Garda<\/title>\n<meta name=\"robots\" content=\"index, follow, max-snippet:-1, max-image-preview:large, max-video-preview:-1\" \/>\n<link rel=\"canonical\" href=\"https:\/\/bioforester.it\/de\/preise\/\" \/>\n<meta property=\"og:locale\" content=\"de_DE\" \/>\n<meta property=\"og:type\" content=\"article\" \/>\n<meta property=\"og:title\" content=\"Preise - BioForester a Manerba del Garda, appartamenti per vacanze sul Lago di Garda\" \/>\n<meta property=\"og:description\" content=\"PREISE G\u00dcLTIG VOM 01\/03\/19 BIS 15\/06\/2020, VOM\u00a001\/09\/2020 BIS 31\/10\/2020 PREISE G\u00dcLTIG VOM\u00a016\/06\/2020 BIS\u00a031\/08\/2020 T\u00c4GLICHE PREISE BIS DREI \u00dcBERNACHTUNGEN ENTHALTEN: W\u00c4SCHE UND ENDREINIGUNG\u00a0 T\u00c4GLICHE PREISE \u00dcBER DREI \u00dcBERNACHTUNGEN ENTHALTEN:\u00a0 W\u00c4SCHE AUSTAUSCH UND T\u00c4GLICHE REINIGUNG WOCHENPREISE\u00a0 ENTHALTEN: W\u00c4SCHE AUSTAUSCH UND T\u00c4GLICHE REINIGUNG F\u00dcR AUFENTHALTE L\u00c4NGER ALS EINE WOCHE BIETEN WIR PREISNACHL\u00c4SSE F\u00dcR WEITEREN INFORMATIONEN BITTE RUFEN SIE [&hellip;]\" \/>\n<meta property=\"og:url\" content=\"https:\/\/bioforester.it\/de\/preise\/\" \/>\n<meta property=\"og:site_name\" content=\"BioForester a Manerba del Garda, appartamenti per vacanze sul Lago di Garda\" \/>\n<meta property=\"article:modified_time\" content=\"2020-01-26T14:52:30+00:00\" \/>\n<meta name=\"twitter:card\" content=\"summary_large_image\" \/>\n<script type=\"application\/ld+json\" class=\"yoast-schema-graph\">{\"@context\":\"https:\/\/schema.org\",\"@graph\":[{\"@type\":\"WebPage\",\"@id\":\"https:\/\/bioforester.it\/de\/preise\/\",\"url\":\"https:\/\/bioforester.it\/de\/preise\/\",\"name\":\"Preise - BioForester a Manerba del Garda, appartamenti per vacanze sul Lago di Garda\",\"isPartOf\":{\"@id\":\"https:\/\/bioforester.it\/de\/#website\"},\"datePublished\":\"2018-06-19T08:05:27+00:00\",\"dateModified\":\"2020-01-26T14:52:30+00:00\",\"breadcrumb\":{\"@id\":\"https:\/\/bioforester.it\/de\/preise\/#breadcrumb\"},\"inLanguage\":\"de\",\"potentialAction\":[{\"@type\":\"ReadAction\",\"target\":[\"https:\/\/bioforester.it\/de\/preise\/\"]}]},{\"@type\":\"BreadcrumbList\",\"@id\":\"https:\/\/bioforester.it\/de\/preise\/#breadcrumb\",\"itemListElement\":[{\"@type\":\"ListItem\",\"position\":1,\"name\":\"Home\",\"item\":\"https:\/\/bioforester.it\/de\/\"},{\"@type\":\"ListItem\",\"position\":2,\"name\":\"Preise\"}]},{\"@type\":\"WebSite\",\"@id\":\"https:\/\/bioforester.it\/de\/#website\",\"url\":\"https:\/\/bioforester.it\/de\/\",\"name\":\"BioForester a Manerba del Garda, appartamenti per vacanze sul Lago di Garda\",\"description\":\"La tua vacanza Bio sul Lago di Garda\",\"potentialAction\":[{\"@type\":\"SearchAction\",\"target\":{\"@type\":\"EntryPoint\",\"urlTemplate\":\"https:\/\/bioforester.it\/de\/?s={search_term_string}\"},\"query-input\":\"required name=search_term_string\"}],\"inLanguage\":\"de\"}]}<\/script>\n<!-- \/ Yoast SEO plugin. -->","yoast_head_json":{"title":"Preise - BioForester a Manerba del Garda, appartamenti per vacanze sul Lago di Garda","robots":{"index":"index","follow":"follow","max-snippet":"max-snippet:-1","max-image-preview":"max-image-preview:large","max-video-preview":"max-video-preview:-1"},"canonical":"https:\/\/bioforester.it\/de\/preise\/","og_locale":"de_DE","og_type":"article","og_title":"Preise - BioForester a Manerba del Garda, appartamenti per vacanze sul Lago di Garda","og_description":"PREISE G\u00dcLTIG VOM 01\/03\/19 BIS 15\/06\/2020, VOM\u00a001\/09\/2020 BIS 31\/10\/2020 PREISE G\u00dcLTIG VOM\u00a016\/06\/2020 BIS\u00a031\/08\/2020 T\u00c4GLICHE PREISE BIS DREI \u00dcBERNACHTUNGEN ENTHALTEN: W\u00c4SCHE UND ENDREINIGUNG\u00a0 T\u00c4GLICHE PREISE \u00dcBER DREI \u00dcBERNACHTUNGEN ENTHALTEN:\u00a0 W\u00c4SCHE AUSTAUSCH UND T\u00c4GLICHE REINIGUNG WOCHENPREISE\u00a0 ENTHALTEN: W\u00c4SCHE AUSTAUSCH UND T\u00c4GLICHE REINIGUNG F\u00dcR AUFENTHALTE L\u00c4NGER ALS EINE WOCHE BIETEN WIR PREISNACHL\u00c4SSE F\u00dcR WEITEREN INFORMATIONEN BITTE RUFEN SIE [&hellip;]","og_url":"https:\/\/bioforester.it\/de\/preise\/","og_site_name":"BioForester a Manerba del Garda, appartamenti per vacanze sul Lago di Garda","article_modified_time":"2020-01-26T14:52:30+00:00","twitter_card":"summary_large_image","schema":{"@context":"https:\/\/schema.org","@graph":[{"@type":"WebPage","@id":"https:\/\/bioforester.it\/de\/preise\/","url":"https:\/\/bioforester.it\/de\/preise\/","name":"Preise - BioForester a Manerba del Garda, appartamenti per vacanze sul Lago di Garda","isPartOf":{"@id":"https:\/\/bioforester.it\/de\/#website"},"datePublished":"2018-06-19T08:05:27+00:00","dateModified":"2020-01-26T14:52:30+00:00","breadcrumb":{"@id":"https:\/\/bioforester.it\/de\/preise\/#breadcrumb"},"inLanguage":"de","potentialAction":[{"@type":"ReadAction","target":["https:\/\/bioforester.it\/de\/preise\/"]}]},{"@type":"BreadcrumbList","@id":"https:\/\/bioforester.it\/de\/preise\/#breadcrumb","itemListElement":[{"@type":"ListItem","position":1,"name":"Home","item":"https:\/\/bioforester.it\/de\/"},{"@type":"ListItem","position":2,"name":"Preise"}]},{"@type":"WebSite","@id":"https:\/\/bioforester.it\/de\/#website","url":"https:\/\/bioforester.it\/de\/","name":"BioForester a Manerba del Garda, appartamenti per vacanze sul Lago di Garda","description":"La tua vacanza Bio sul Lago di Garda","potentialAction":[{"@type":"SearchAction","target":{"@type":"EntryPoint","urlTemplate":"https:\/\/bioforester.it\/de\/?s={search_term_string}"},"query-input":"required name=search_term_string"}],"inLanguage":"de"}]}},"_links":{"self":[{"href":"https:\/\/bioforester.it\/de\/wp-json\/wp\/v2\/pages\/906"}],"collection":[{"href":"https:\/\/bioforester.it\/de\/wp-json\/wp\/v2\/pages"}],"about":[{"href":"https:\/\/bioforester.it\/de\/wp-json\/wp\/v2\/types\/page"}],"author":[{"embeddable":true,"href":"https:\/\/bioforester.it\/de\/wp-json\/wp\/v2\/users\/2"}],"replies":[{"embeddable":true,"href":"https:\/\/bioforester.it\/de\/wp-json\/wp\/v2\/comments?post=906"}],"version-history":[{"count":9,"href":"https:\/\/bioforester.it\/de\/wp-json\/wp\/v2\/pages\/906\/revisions"}],"predecessor-version":[{"id":1715,"href":"https:\/\/bioforester.it\/de\/wp-json\/wp\/v2\/pages\/906\/revisions\/1715"}],"wp:attachment":[{"href":"https:\/\/bioforester.it\/de\/wp-json\/wp\/v2\/media?parent=906"}],"curies":[{"name":"wp","href":"https:\/\/api.w.org\/{rel}","templated":true}]}}