{"id":679,"date":"2017-11-10T09:54:03","date_gmt":"2017-11-10T09:54:03","guid":{"rendered":"https:\/\/bioforester.it\/?page_id=679"},"modified":"2023-06-05T15:41:26","modified_gmt":"2023-06-05T15:41:26","slug":"warum-bio-warum-bioforesteria","status":"publish","type":"page","link":"https:\/\/bioforester.it\/de\/warum-bio-warum-bioforesteria\/","title":{"rendered":"Warum Bio"},"content":{"rendered":"<p>Die Idee bestand schon lange bevor wir beschlossen haben, unsere aufregende Reise in der biologischen Welt zu unternehmen, sowohl als Unternehmen als auch als Lebensart.<br \/>\nIn den letzten zwanzig Jahren haben wir nicht nur biologische Lebensmittel produziert, sondern mit der Zeit auch durch konkrete Arbeit eine Welt zu erschaffen, die genau unseren Vorstellungen entspricht, mit:<br \/>\n<strong>mehr Aufmerksamkeit f\u00fcr die Umwelt<\/strong> (weniger umweltfeindliche und weniger umweltbelastende Lebensmittel);<br \/>\n<strong>mehr Aufmerksamkeit f\u00fcr die Menschen<\/strong> (nat\u00fcrliche, regionale und Bio-Lebensmittel f\u00fcr eine gesunde Lebensweise)<br \/>\n<strong>BIO FORESTER<\/strong>\u00a0bietet den G\u00e4sten eine gesunde und umweltfreundliche Umgebung<\/p>\n<ul>\n<li>wir haben eine bestehende Struktur wiederhergestellt und damit keinen weiterer Boden verbraucht und versiegel;<\/li>\n<li>wir haben Holz f\u00fcr M\u00f6bel und wenig Plastik und Kunststoff wie m\u00f6glich verwendet;<\/li>\n<li>wir haben die Wohnungen mit Naturfarben auf Kalkbasis gestrichen, um ein gesundes Raumklima zu schaffen<\/li>\n<li>wir haben ausschlie\u00dflich LED-Lampen installiert;<\/li>\n<li>die K\u00fcche ist mit einem Induktionsherd ausgestattet;<\/li>\n<li>F\u00fcr die Reinigung verwenden wir <strong>100% umweltfreundliche und biologisch abbaubare Produkte<\/strong>; f\u00fcr die K\u00f6rperpflege werden Sie \u00f6kologische Produkte auf <strong>pflanzlicher Basis<\/strong> in den Spendern finden;<\/li>\n<li>Beim Haar Shampoo m\u00fcssen die G\u00e4ste sich selbst versorgen;<\/li>\n<li>Bei der Vermeidung von Abf\u00e4llen und der Abfallentsorgung bitten wir unsere G\u00e4ste mit der M\u00fclltrennung um Mithilfe. Unter dem Waschbecken in der K\u00fcche finden Sie zwei Beh\u00e4lter, einen f\u00fcr den Biom\u00fcll und einen f\u00fcr den Restm\u00fcll. Beide werden t\u00e4glich entsorgt;<\/li>\n<li>Verpackungsm\u00fcll wie Glas und Dosen, Plastik und Papier bitten wir in den gr\u00f6\u00dferen farbigen Beh\u00e4ltern, die in der N\u00e4he des Parkplatzes stehen: blau f\u00fcr Glas und Dosen, gelb f\u00fcr Plastik und wei\u00df f\u00fcr Papier zu entsorgen.<\/li>\n<\/ul>\n","protected":false},"excerpt":{"rendered":"<p>Die Idee bestand schon lange bevor wir beschlossen haben, unsere aufregende Reise in der biologischen Welt zu unternehmen, sowohl als Unternehmen als auch als Lebensart. In den letzten zwanzig Jahren haben wir nicht nur biologische Lebensmittel produziert, sondern mit der Zeit auch durch konkrete Arbeit eine Welt zu erschaffen, die genau unseren Vorstellungen entspricht, mit: [&hellip;]<\/p>\n","protected":false},"author":2,"featured_media":1177,"parent":0,"menu_order":9,"comment_status":"closed","ping_status":"closed","template":"","meta":[],"yoast_head":"<!-- This site is optimized with the Yoast SEO plugin v20.10 - https:\/\/yoast.com\/wordpress\/plugins\/seo\/ -->\n<title>Warum Bio - BioForester a Manerba del Garda, appartamenti per vacanze sul Lago di Garda<\/title>\n<meta name=\"robots\" content=\"index, follow, max-snippet:-1, max-image-preview:large, max-video-preview:-1\" \/>\n<link rel=\"canonical\" href=\"https:\/\/bioforester.it\/de\/warum-bio-warum-bioforesteria\/\" \/>\n<meta property=\"og:locale\" content=\"de_DE\" \/>\n<meta property=\"og:type\" content=\"article\" \/>\n<meta property=\"og:title\" content=\"Warum Bio - BioForester a Manerba del Garda, appartamenti per vacanze sul Lago di Garda\" \/>\n<meta property=\"og:description\" content=\"Die Idee bestand schon lange bevor wir beschlossen haben, unsere aufregende Reise in der biologischen Welt zu unternehmen, sowohl als Unternehmen als auch als Lebensart. In den letzten zwanzig Jahren haben wir nicht nur biologische Lebensmittel produziert, sondern mit der Zeit auch durch konkrete Arbeit eine Welt zu erschaffen, die genau unseren Vorstellungen entspricht, mit: [&hellip;]\" \/>\n<meta property=\"og:url\" content=\"https:\/\/bioforester.it\/de\/warum-bio-warum-bioforesteria\/\" \/>\n<meta property=\"og:site_name\" content=\"BioForester a Manerba del Garda, appartamenti per vacanze sul Lago di Garda\" \/>\n<meta property=\"article:modified_time\" content=\"2023-06-05T15:41:26+00:00\" \/>\n<meta property=\"og:image\" content=\"https:\/\/bioforester.it\/wp-content\/uploads\/2017\/08\/FOTO-2.jpg\" \/>\n\t<meta property=\"og:image:width\" content=\"1024\" \/>\n\t<meta property=\"og:image:height\" content=\"683\" \/>\n\t<meta property=\"og:image:type\" content=\"image\/jpeg\" \/>\n<meta name=\"twitter:card\" content=\"summary_large_image\" \/>\n<meta name=\"twitter:label1\" content=\"Gesch\u00e4tzte Lesezeit\" \/>\n\t<meta name=\"twitter:data1\" content=\"2\u00a0Minuten\" \/>\n<script type=\"application\/ld+json\" class=\"yoast-schema-graph\">{\"@context\":\"https:\/\/schema.org\",\"@graph\":[{\"@type\":\"WebPage\",\"@id\":\"https:\/\/bioforester.it\/de\/warum-bio-warum-bioforesteria\/\",\"url\":\"https:\/\/bioforester.it\/de\/warum-bio-warum-bioforesteria\/\",\"name\":\"Warum Bio - BioForester a Manerba del Garda, appartamenti per vacanze sul Lago di Garda\",\"isPartOf\":{\"@id\":\"https:\/\/bioforester.it\/de\/#website\"},\"datePublished\":\"2017-11-10T09:54:03+00:00\",\"dateModified\":\"2023-06-05T15:41:26+00:00\",\"breadcrumb\":{\"@id\":\"https:\/\/bioforester.it\/de\/warum-bio-warum-bioforesteria\/#breadcrumb\"},\"inLanguage\":\"de\",\"potentialAction\":[{\"@type\":\"ReadAction\",\"target\":[\"https:\/\/bioforester.it\/de\/warum-bio-warum-bioforesteria\/\"]}]},{\"@type\":\"BreadcrumbList\",\"@id\":\"https:\/\/bioforester.it\/de\/warum-bio-warum-bioforesteria\/#breadcrumb\",\"itemListElement\":[{\"@type\":\"ListItem\",\"position\":1,\"name\":\"Home\",\"item\":\"https:\/\/bioforester.it\/de\/\"},{\"@type\":\"ListItem\",\"position\":2,\"name\":\"Warum Bio\"}]},{\"@type\":\"WebSite\",\"@id\":\"https:\/\/bioforester.it\/de\/#website\",\"url\":\"https:\/\/bioforester.it\/de\/\",\"name\":\"BioForester a Manerba del Garda, appartamenti per vacanze sul Lago di Garda\",\"description\":\"La tua vacanza Bio sul Lago di Garda\",\"potentialAction\":[{\"@type\":\"SearchAction\",\"target\":{\"@type\":\"EntryPoint\",\"urlTemplate\":\"https:\/\/bioforester.it\/de\/?s={search_term_string}\"},\"query-input\":\"required name=search_term_string\"}],\"inLanguage\":\"de\"}]}<\/script>\n<!-- \/ Yoast SEO plugin. -->","yoast_head_json":{"title":"Warum Bio - BioForester a Manerba del Garda, appartamenti per vacanze sul Lago di Garda","robots":{"index":"index","follow":"follow","max-snippet":"max-snippet:-1","max-image-preview":"max-image-preview:large","max-video-preview":"max-video-preview:-1"},"canonical":"https:\/\/bioforester.it\/de\/warum-bio-warum-bioforesteria\/","og_locale":"de_DE","og_type":"article","og_title":"Warum Bio - BioForester a Manerba del Garda, appartamenti per vacanze sul Lago di Garda","og_description":"Die Idee bestand schon lange bevor wir beschlossen haben, unsere aufregende Reise in der biologischen Welt zu unternehmen, sowohl als Unternehmen als auch als Lebensart. In den letzten zwanzig Jahren haben wir nicht nur biologische Lebensmittel produziert, sondern mit der Zeit auch durch konkrete Arbeit eine Welt zu erschaffen, die genau unseren Vorstellungen entspricht, mit: [&hellip;]","og_url":"https:\/\/bioforester.it\/de\/warum-bio-warum-bioforesteria\/","og_site_name":"BioForester a Manerba del Garda, appartamenti per vacanze sul Lago di Garda","article_modified_time":"2023-06-05T15:41:26+00:00","og_image":[{"width":1024,"height":683,"url":"https:\/\/bioforester.it\/wp-content\/uploads\/2017\/08\/FOTO-2.jpg","type":"image\/jpeg"}],"twitter_card":"summary_large_image","twitter_misc":{"Gesch\u00e4tzte Lesezeit":"2\u00a0Minuten"},"schema":{"@context":"https:\/\/schema.org","@graph":[{"@type":"WebPage","@id":"https:\/\/bioforester.it\/de\/warum-bio-warum-bioforesteria\/","url":"https:\/\/bioforester.it\/de\/warum-bio-warum-bioforesteria\/","name":"Warum Bio - BioForester a Manerba del Garda, appartamenti per vacanze sul Lago di Garda","isPartOf":{"@id":"https:\/\/bioforester.it\/de\/#website"},"datePublished":"2017-11-10T09:54:03+00:00","dateModified":"2023-06-05T15:41:26+00:00","breadcrumb":{"@id":"https:\/\/bioforester.it\/de\/warum-bio-warum-bioforesteria\/#breadcrumb"},"inLanguage":"de","potentialAction":[{"@type":"ReadAction","target":["https:\/\/bioforester.it\/de\/warum-bio-warum-bioforesteria\/"]}]},{"@type":"BreadcrumbList","@id":"https:\/\/bioforester.it\/de\/warum-bio-warum-bioforesteria\/#breadcrumb","itemListElement":[{"@type":"ListItem","position":1,"name":"Home","item":"https:\/\/bioforester.it\/de\/"},{"@type":"ListItem","position":2,"name":"Warum Bio"}]},{"@type":"WebSite","@id":"https:\/\/bioforester.it\/de\/#website","url":"https:\/\/bioforester.it\/de\/","name":"BioForester a Manerba del Garda, appartamenti per vacanze sul Lago di Garda","description":"La tua vacanza Bio sul Lago di Garda","potentialAction":[{"@type":"SearchAction","target":{"@type":"EntryPoint","urlTemplate":"https:\/\/bioforester.it\/de\/?s={search_term_string}"},"query-input":"required name=search_term_string"}],"inLanguage":"de"}]}},"_links":{"self":[{"href":"https:\/\/bioforester.it\/de\/wp-json\/wp\/v2\/pages\/679"}],"collection":[{"href":"https:\/\/bioforester.it\/de\/wp-json\/wp\/v2\/pages"}],"about":[{"href":"https:\/\/bioforester.it\/de\/wp-json\/wp\/v2\/types\/page"}],"author":[{"embeddable":true,"href":"https:\/\/bioforester.it\/de\/wp-json\/wp\/v2\/users\/2"}],"replies":[{"embeddable":true,"href":"https:\/\/bioforester.it\/de\/wp-json\/wp\/v2\/comments?post=679"}],"version-history":[{"count":5,"href":"https:\/\/bioforester.it\/de\/wp-json\/wp\/v2\/pages\/679\/revisions"}],"predecessor-version":[{"id":3501,"href":"https:\/\/bioforester.it\/de\/wp-json\/wp\/v2\/pages\/679\/revisions\/3501"}],"wp:featuredmedia":[{"embeddable":true,"href":"https:\/\/bioforester.it\/de\/wp-json\/wp\/v2\/media\/1177"}],"wp:attachment":[{"href":"https:\/\/bioforester.it\/de\/wp-json\/wp\/v2\/media?parent=679"}],"curies":[{"name":"wp","href":"https:\/\/api.w.org\/{rel}","templated":true}]}}