{"id":675,"date":"2017-11-10T09:51:07","date_gmt":"2017-11-10T09:51:07","guid":{"rendered":"https:\/\/bioforester.it\/?page_id=675"},"modified":"2023-06-05T15:34:40","modified_gmt":"2023-06-05T15:34:40","slug":"unsere-parkplaetze","status":"publish","type":"page","link":"https:\/\/bioforester.it\/de\/unsere-parkplaetze\/","title":{"rendered":"Parkpl\u00e4tze"},"content":{"rendered":"<div id=\"metaslider-id-479\" style=\"max-width: 800px;\" class=\"ml-slider-3-100-1 metaslider metaslider-nivo metaslider-479 ml-slider ms-theme-default\" role=\"region\" aria-label=\"I parcheggi\" data-height=\"400\" data-width=\"800\">\n    <div id=\"metaslider_container_479\">\n        <div class='slider-wrapper theme-default'><div class='ribbon'><\/div><div id='metaslider_479' class='nivoSlider'><img src=\"https:\/\/bioforester.it\/wp-content\/uploads\/2017\/09\/1-DSC_7809-800x400.jpg\" height=\"400\" width=\"800\" alt=\"\" class=\"slider-479 slide-481 msDefaultImage\" \/><img src=\"https:\/\/bioforester.it\/wp-content\/uploads\/2017\/09\/DSC01975-800x400.jpg\" height=\"400\" width=\"800\" alt=\"\" class=\"slider-479 slide-488 msDefaultImage\" \/><img src=\"https:\/\/bioforester.it\/wp-content\/uploads\/2017\/09\/1-DSC_7812-800x400.jpg\" height=\"400\" width=\"800\" alt=\"\" class=\"slider-479 slide-484 msDefaultImage\" \/><img src=\"https:\/\/bioforester.it\/wp-content\/uploads\/2017\/09\/1-DSC_7813-800x400.jpg\" height=\"400\" width=\"800\" alt=\"\" class=\"slider-479 slide-485 msDefaultImage\" \/><\/div><\/div>\n        \n    <\/div>\n<\/div>\n<p>Nur ein paar Meter von der Bio Forester, auf der linken Seite finden Sie die \u00fcberdachten und kostenlosen Parkpl\u00e4tze. (Siehe Fahrskizze) Ich w\u00fcrde hier eine kurze Fahrskizze mit Meterangaben erstellen<\/p>\n","protected":false},"excerpt":{"rendered":"<p>Nur ein paar Meter von der Bio Forester, auf der linken Seite finden Sie die \u00fcberdachten und kostenlosen Parkpl\u00e4tze. (Siehe Fahrskizze) Ich w\u00fcrde hier eine kurze Fahrskizze mit Meterangaben erstellen<\/p>\n","protected":false},"author":2,"featured_media":1177,"parent":0,"menu_order":7,"comment_status":"closed","ping_status":"closed","template":"","meta":[],"yoast_head":"<!-- This site is optimized with the Yoast SEO plugin v20.10 - https:\/\/yoast.com\/wordpress\/plugins\/seo\/ -->\n<title>Parkpl\u00e4tze - BioForester a Manerba del Garda, appartamenti per vacanze sul Lago di Garda<\/title>\n<meta name=\"robots\" content=\"index, follow, max-snippet:-1, max-image-preview:large, max-video-preview:-1\" \/>\n<link rel=\"canonical\" href=\"https:\/\/bioforester.it\/de\/unsere-parkplaetze\/\" \/>\n<meta property=\"og:locale\" content=\"de_DE\" \/>\n<meta property=\"og:type\" content=\"article\" \/>\n<meta property=\"og:title\" content=\"Parkpl\u00e4tze - BioForester a Manerba del Garda, appartamenti per vacanze sul Lago di Garda\" \/>\n<meta property=\"og:description\" content=\"Nur ein paar Meter von der Bio Forester, auf der linken Seite finden Sie die \u00fcberdachten und kostenlosen Parkpl\u00e4tze. (Siehe Fahrskizze) Ich w\u00fcrde hier eine kurze Fahrskizze mit Meterangaben erstellen\" \/>\n<meta property=\"og:url\" content=\"https:\/\/bioforester.it\/de\/unsere-parkplaetze\/\" \/>\n<meta property=\"og:site_name\" content=\"BioForester a Manerba del Garda, appartamenti per vacanze sul Lago di Garda\" \/>\n<meta property=\"article:modified_time\" content=\"2023-06-05T15:34:40+00:00\" \/>\n<meta property=\"og:image\" content=\"https:\/\/bioforester.it\/wp-content\/uploads\/2017\/08\/FOTO-2.jpg\" \/>\n\t<meta property=\"og:image:width\" content=\"1024\" \/>\n\t<meta property=\"og:image:height\" content=\"683\" \/>\n\t<meta property=\"og:image:type\" content=\"image\/jpeg\" \/>\n<meta name=\"twitter:card\" content=\"summary_large_image\" \/>\n<meta name=\"twitter:label1\" content=\"Gesch\u00e4tzte Lesezeit\" \/>\n\t<meta name=\"twitter:data1\" content=\"1\u00a0Minute\" \/>\n<script type=\"application\/ld+json\" class=\"yoast-schema-graph\">{\"@context\":\"https:\/\/schema.org\",\"@graph\":[{\"@type\":\"WebPage\",\"@id\":\"https:\/\/bioforester.it\/de\/unsere-parkplaetze\/\",\"url\":\"https:\/\/bioforester.it\/de\/unsere-parkplaetze\/\",\"name\":\"Parkpl\u00e4tze - BioForester a Manerba del Garda, appartamenti per vacanze sul Lago di Garda\",\"isPartOf\":{\"@id\":\"https:\/\/bioforester.it\/de\/#website\"},\"datePublished\":\"2017-11-10T09:51:07+00:00\",\"dateModified\":\"2023-06-05T15:34:40+00:00\",\"breadcrumb\":{\"@id\":\"https:\/\/bioforester.it\/de\/unsere-parkplaetze\/#breadcrumb\"},\"inLanguage\":\"de\",\"potentialAction\":[{\"@type\":\"ReadAction\",\"target\":[\"https:\/\/bioforester.it\/de\/unsere-parkplaetze\/\"]}]},{\"@type\":\"BreadcrumbList\",\"@id\":\"https:\/\/bioforester.it\/de\/unsere-parkplaetze\/#breadcrumb\",\"itemListElement\":[{\"@type\":\"ListItem\",\"position\":1,\"name\":\"Home\",\"item\":\"https:\/\/bioforester.it\/de\/\"},{\"@type\":\"ListItem\",\"position\":2,\"name\":\"Parkpl\u00e4tze\"}]},{\"@type\":\"WebSite\",\"@id\":\"https:\/\/bioforester.it\/de\/#website\",\"url\":\"https:\/\/bioforester.it\/de\/\",\"name\":\"BioForester a Manerba del Garda, appartamenti per vacanze sul Lago di Garda\",\"description\":\"La tua vacanza Bio sul Lago di Garda\",\"potentialAction\":[{\"@type\":\"SearchAction\",\"target\":{\"@type\":\"EntryPoint\",\"urlTemplate\":\"https:\/\/bioforester.it\/de\/?s={search_term_string}\"},\"query-input\":\"required name=search_term_string\"}],\"inLanguage\":\"de\"}]}<\/script>\n<!-- \/ Yoast SEO plugin. -->","yoast_head_json":{"title":"Parkpl\u00e4tze - BioForester a Manerba del Garda, appartamenti per vacanze sul Lago di Garda","robots":{"index":"index","follow":"follow","max-snippet":"max-snippet:-1","max-image-preview":"max-image-preview:large","max-video-preview":"max-video-preview:-1"},"canonical":"https:\/\/bioforester.it\/de\/unsere-parkplaetze\/","og_locale":"de_DE","og_type":"article","og_title":"Parkpl\u00e4tze - BioForester a Manerba del Garda, appartamenti per vacanze sul Lago di Garda","og_description":"Nur ein paar Meter von der Bio Forester, auf der linken Seite finden Sie die \u00fcberdachten und kostenlosen Parkpl\u00e4tze. (Siehe Fahrskizze) Ich w\u00fcrde hier eine kurze Fahrskizze mit Meterangaben erstellen","og_url":"https:\/\/bioforester.it\/de\/unsere-parkplaetze\/","og_site_name":"BioForester a Manerba del Garda, appartamenti per vacanze sul Lago di Garda","article_modified_time":"2023-06-05T15:34:40+00:00","og_image":[{"width":1024,"height":683,"url":"https:\/\/bioforester.it\/wp-content\/uploads\/2017\/08\/FOTO-2.jpg","type":"image\/jpeg"}],"twitter_card":"summary_large_image","twitter_misc":{"Gesch\u00e4tzte Lesezeit":"1\u00a0Minute"},"schema":{"@context":"https:\/\/schema.org","@graph":[{"@type":"WebPage","@id":"https:\/\/bioforester.it\/de\/unsere-parkplaetze\/","url":"https:\/\/bioforester.it\/de\/unsere-parkplaetze\/","name":"Parkpl\u00e4tze - BioForester a Manerba del Garda, appartamenti per vacanze sul Lago di Garda","isPartOf":{"@id":"https:\/\/bioforester.it\/de\/#website"},"datePublished":"2017-11-10T09:51:07+00:00","dateModified":"2023-06-05T15:34:40+00:00","breadcrumb":{"@id":"https:\/\/bioforester.it\/de\/unsere-parkplaetze\/#breadcrumb"},"inLanguage":"de","potentialAction":[{"@type":"ReadAction","target":["https:\/\/bioforester.it\/de\/unsere-parkplaetze\/"]}]},{"@type":"BreadcrumbList","@id":"https:\/\/bioforester.it\/de\/unsere-parkplaetze\/#breadcrumb","itemListElement":[{"@type":"ListItem","position":1,"name":"Home","item":"https:\/\/bioforester.it\/de\/"},{"@type":"ListItem","position":2,"name":"Parkpl\u00e4tze"}]},{"@type":"WebSite","@id":"https:\/\/bioforester.it\/de\/#website","url":"https:\/\/bioforester.it\/de\/","name":"BioForester a Manerba del Garda, appartamenti per vacanze sul Lago di Garda","description":"La tua vacanza Bio sul Lago di Garda","potentialAction":[{"@type":"SearchAction","target":{"@type":"EntryPoint","urlTemplate":"https:\/\/bioforester.it\/de\/?s={search_term_string}"},"query-input":"required name=search_term_string"}],"inLanguage":"de"}]}},"_links":{"self":[{"href":"https:\/\/bioforester.it\/de\/wp-json\/wp\/v2\/pages\/675"}],"collection":[{"href":"https:\/\/bioforester.it\/de\/wp-json\/wp\/v2\/pages"}],"about":[{"href":"https:\/\/bioforester.it\/de\/wp-json\/wp\/v2\/types\/page"}],"author":[{"embeddable":true,"href":"https:\/\/bioforester.it\/de\/wp-json\/wp\/v2\/users\/2"}],"replies":[{"embeddable":true,"href":"https:\/\/bioforester.it\/de\/wp-json\/wp\/v2\/comments?post=675"}],"version-history":[{"count":4,"href":"https:\/\/bioforester.it\/de\/wp-json\/wp\/v2\/pages\/675\/revisions"}],"predecessor-version":[{"id":3500,"href":"https:\/\/bioforester.it\/de\/wp-json\/wp\/v2\/pages\/675\/revisions\/3500"}],"wp:featuredmedia":[{"embeddable":true,"href":"https:\/\/bioforester.it\/de\/wp-json\/wp\/v2\/media\/1177"}],"wp:attachment":[{"href":"https:\/\/bioforester.it\/de\/wp-json\/wp\/v2\/media?parent=675"}],"curies":[{"name":"wp","href":"https:\/\/api.w.org\/{rel}","templated":true}]}}