{"id":650,"date":"2017-11-03T09:44:30","date_gmt":"2017-11-03T09:44:30","guid":{"rendered":"https:\/\/bioforester.it\/?page_id=650"},"modified":"2017-11-10T10:04:52","modified_gmt":"2017-11-10T10:04:52","slug":"umgebung","status":"publish","type":"page","link":"https:\/\/bioforester.it\/de\/umgebung\/","title":{"rendered":"Umgebung"},"content":{"rendered":"\t<div class=\"gridable gridable--row\" >\n\t\t\t<div class=\"gridable--col col-6\" >\n\t\t<h2>Pfarrkirche von Santa Maria<\/h2>\n<p><img decoding=\"async\" loading=\"lazy\" class=\"alignnone size-full wp-image-238\" src=\"https:\/\/bioforester.it\/wp-content\/uploads\/2017\/08\/FOTO-1.jpg\" alt=\"Pfarrkirche von Santa Maria - Manerba del Garda\" width=\"291\" height=\"190\" \/><\/p>\t<\/div>\n<br \/>\n\t<div class=\"gridable--col col-6\" >\n\t\t<p>Sie befindet sich etwas abseits vom Ort in der N\u00e4he des Sees, aber zentral hinsichtlich des weitfl\u00e4chigen Gemeindegebietes, auf dem zahlreiche kleine Nebenkirchen verstreut sind. Sie wurde im 7.\/8. Jh. auf einem heidnischen Tempel und einem bereits bestehenden Geb\u00e4ude aus dem 5.\/6. Jh. erbaut. Anliegend befinden sich \u00e4ltere Reste, vielleicht einer r\u00f6mischen Villa.<br \/>\nDie Kirche wurde wahrscheinlich im 11. Jh. wieder aufgebaut und besteht aus drei Schiffen, die von drei rechteckigen Pfeilern, die Zentralb\u00f6gen tragen, unterteilt ist. Die Pfarrkirche ist das wichtigste mittelalterliche Baudenkmal dieser Gegend, insbesondere dank ihrer Gem\u00e4ldedekorationen im Inneren.<br \/>\nSie birgt wundersch\u00f6ne Fresken, unter denen insbesondere &#8222;Martirio di Sant`Orsola e compagne&#8220; (das Martyrium der Heiligen Ursula und ihrer Kolleginnen) hervorragt, welche ein sehr seltenes Beispiel romanischer Malkunst ist; die &#8222;Annunciazione&#8220; (Verk\u00fcndung) aus dem 14. Jh. und die &#8222;Madonna in trono&#8220; (Madonna auf dem Thron) zwischen den San Sivino und San Rocco.<br \/>\n(credits: www.gardalombardia.com)<\/p>\t<\/div>\n\t<\/div>\n\n<p>&nbsp;<\/p>\n\t<div class=\"gridable gridable--row\" >\n\t\t\t<div class=\"gridable--col col-6\" >\n\t\t<h2>Arch\u00e4ologischer Naturpark<\/h2>\n<p><img decoding=\"async\" loading=\"lazy\" class=\"alignnone size-medium wp-image-240\" src=\"https:\/\/bioforester.it\/wp-content\/uploads\/2017\/08\/FOTO-2-300x200.jpg\" alt=\"Arch\u00e4ologischer Naturpark - Manerba del Garda\" width=\"300\" height=\"200\" srcset=\"https:\/\/bioforester.it\/wp-content\/uploads\/2017\/08\/FOTO-2-300x200.jpg 300w, https:\/\/bioforester.it\/wp-content\/uploads\/2017\/08\/FOTO-2-768x512.jpg 768w, https:\/\/bioforester.it\/wp-content\/uploads\/2017\/08\/FOTO-2.jpg 1024w\" sizes=\"(max-width: 300px) 100vw, 300px\" \/><\/p>\t<\/div>\n<br \/>\n\t<div class=\"gridable--col col-6\" >\n\t\t<br \/>\nWenn man sich einen Spaziergang vorstellt, an einem sch\u00f6nen Fr\u00fchlingstag, mit einer angenehmen, milden W\u00e4rme und einem Duft von gerade aufgebl\u00fchten Knospen in der Luft, und man das felsige Profil der Festung betrachtet, kann man die Flora und Fauna der W\u00e4lder unterscheiden, die Farben der trockenen Wiesen des Felsens und die dort vorhandenen Tiere bewundern, die seltenen Orchideen, die Str\u00e4ucher und die Mittelmeerkr\u00e4uter, dann die bewirtschaften \u00c4cker und ihre Geschichte, die Wasserv\u00f6gel und die Fische, die die Seegew\u00e4sser bewohnen. Das ist das Besucherzentrum des arch\u00e4ologisches Naturparks der Festung von Manerba del Garda, welche im Ausstellungssitz das Arch\u00e4ologische B\u00fcrgermuseum des Valtenesi beherbergt. Die Ausstellungstour sieht zwei Ebenen vor und wertet gleichzeitig die arch\u00e4ologischen Gegebenheiten und die landschaftlichen und naturalistischen Aspekte des Territoriums von Manerba auf. Dabei wird unterstrichen, dass der Park der Festung de facto das sehr ausgefallene Museum darstellt und das Besucherzentrum sein Eingang ist und der Ort, in dem seine Besonderheiten vertieft werden. Didaktische Labors, Audioguides und gef\u00fchrte Besuche auf den eindrucksvollen Wegen des Parks vervollst\u00e4ndigen das Serviceangebot, das den willkommenen G\u00e4sten zur Verf\u00fcgung steht. In der N\u00e4he des Besucherzentrums befindet sich ein Bewirtungspunkt und ein Picknick-Bereich, an dem man eine Rast f\u00fcr eine Kaffeepause einlegen kann, in einer echten Ansichtskarte, die aber kein Photograph jemals in ihrer ganzen, strahlenden Sch\u00f6nheit festhalten kann.<br \/>\n(credits: www.gardalombardia.com)\t<\/div>\n\t<\/div>\n\n<p>&nbsp;<\/p>\n<p>&nbsp;<\/p>\n\t<div class=\"gridable gridable--row\" >\n\t\t\t<div class=\"gridable--col col-6\" >\n\t\t<h2>Arch\u00e4ologisches B\u00fcrgermuseum<\/h2>\n<p><img decoding=\"async\" loading=\"lazy\" class=\"alignnone size-medium wp-image-241\" src=\"https:\/\/bioforester.it\/wp-content\/uploads\/2017\/08\/FOTO-3-300x200.jpg\" alt=\"Arch\u00e4ologisches B\u00fcrgermuseum - Manerba del Garda\" width=\"300\" height=\"200\" srcset=\"https:\/\/bioforester.it\/wp-content\/uploads\/2017\/08\/FOTO-3-300x200.jpg 300w, https:\/\/bioforester.it\/wp-content\/uploads\/2017\/08\/FOTO-3-768x512.jpg 768w, https:\/\/bioforester.it\/wp-content\/uploads\/2017\/08\/FOTO-3.jpg 1024w\" sizes=\"(max-width: 300px) 100vw, 300px\" \/><\/p>\t<\/div>\n<br \/>\n\t<div class=\"gridable--col col-6\" >\n\t\t<br \/>\nIn Manerba, an der zur Festung f\u00fchrenden Stra\u00dfe, befindet sich das arch\u00e4ologisches B\u00fcrgermuseum der Valtenesi. Dieses enth\u00e4lt die arch\u00e4ologischen und landwirtschaftlichen Zeugnisse, die dem Ort Manerba ihren Charakter verliehen, aber auch allgemein der gesamten Valtenesi, \u00fcber geschichtlich-k\u00fcnstlerische Ereignisse, die in drei verschiedenen Orten stattfanden: In der Festung, am Felsen und in der Pfarrei Santa Maria. Auf diese Weise erh\u00e4lt der Besucher eine vollst\u00e4ndige \u00dcbersicht \u00fcber die zahlreichen geschichtlichen Verbindungen des untersuchten Gebiets. Von den Resten einer Ansiedlung aus der Jungsteinzeit, die an den H\u00e4ngen der Festung gefunden wurden, bis zum Material, das zur im Ortsteil Sasso gebauten Nekropolis geh\u00f6rte, die auf die Kupferzeit zur\u00fcckgeht, bis hin zu den Resten der r\u00f6mischen Stadth\u00e4user, die am Fu\u00df der Festung und in der N\u00e4he der Pfarrei Santa Maria gefunden wurden. Das Museum, in dem zahlreiche erkl\u00e4rende Rundg\u00e4nge durchgef\u00fchrt werden k\u00f6nnen, ist au\u00dferdem durch die Anwesenheit von Broschen, Haarnadeln aus Bronze aus der ersten Eisenzeit und Fragmente von mittelalterlichen Artefakten, die das Ausstellungsprogramm vervollst\u00e4ndigen, bereichert.<br \/>\n(credits: www.gardalombardia.com)<br \/>\n\t<\/div>\n\t<\/div>\n\n<p>&nbsp;<\/p>\n<p>&nbsp;<\/p>\n","protected":false},"excerpt":{"rendered":"<p>&nbsp; &nbsp; &nbsp; &nbsp; &nbsp;<\/p>\n","protected":false},"author":2,"featured_media":34,"parent":0,"menu_order":0,"comment_status":"closed","ping_status":"closed","template":"","meta":[],"yoast_head":"<!-- This site is optimized with the Yoast SEO plugin v20.10 - https:\/\/yoast.com\/wordpress\/plugins\/seo\/ -->\n<title>Umgebung - BioForester a Manerba del Garda, appartamenti per vacanze sul Lago di Garda<\/title>\n<meta name=\"robots\" content=\"index, follow, max-snippet:-1, max-image-preview:large, max-video-preview:-1\" \/>\n<link rel=\"canonical\" href=\"https:\/\/bioforester.it\/de\/umgebung\/\" \/>\n<meta property=\"og:locale\" content=\"de_DE\" \/>\n<meta property=\"og:type\" content=\"article\" \/>\n<meta property=\"og:title\" content=\"Umgebung - BioForester a Manerba del Garda, appartamenti per vacanze sul Lago di Garda\" \/>\n<meta property=\"og:description\" content=\"&nbsp; &nbsp; &nbsp; &nbsp; &nbsp;\" \/>\n<meta property=\"og:url\" content=\"https:\/\/bioforester.it\/de\/umgebung\/\" \/>\n<meta property=\"og:site_name\" content=\"BioForester a Manerba del Garda, appartamenti per vacanze sul Lago di Garda\" \/>\n<meta property=\"article:modified_time\" content=\"2017-11-10T10:04:52+00:00\" \/>\n<meta property=\"og:image\" content=\"https:\/\/bioforester.it\/wp-content\/uploads\/2017\/06\/WhatsApp-Image-2017-06-19-at-20.09.51.jpeg\" \/>\n\t<meta property=\"og:image:width\" content=\"1040\" \/>\n\t<meta property=\"og:image:height\" content=\"780\" \/>\n\t<meta property=\"og:image:type\" content=\"image\/jpeg\" \/>\n<meta name=\"twitter:card\" content=\"summary_large_image\" \/>\n<meta name=\"twitter:label1\" content=\"Gesch\u00e4tzte Lesezeit\" \/>\n\t<meta name=\"twitter:data1\" content=\"3\u00a0Minuten\" \/>\n<script type=\"application\/ld+json\" class=\"yoast-schema-graph\">{\"@context\":\"https:\/\/schema.org\",\"@graph\":[{\"@type\":\"WebPage\",\"@id\":\"https:\/\/bioforester.it\/de\/umgebung\/\",\"url\":\"https:\/\/bioforester.it\/de\/umgebung\/\",\"name\":\"Umgebung - BioForester a Manerba del Garda, appartamenti per vacanze sul Lago di Garda\",\"isPartOf\":{\"@id\":\"https:\/\/bioforester.it\/de\/#website\"},\"datePublished\":\"2017-11-03T09:44:30+00:00\",\"dateModified\":\"2017-11-10T10:04:52+00:00\",\"breadcrumb\":{\"@id\":\"https:\/\/bioforester.it\/de\/umgebung\/#breadcrumb\"},\"inLanguage\":\"de\",\"potentialAction\":[{\"@type\":\"ReadAction\",\"target\":[\"https:\/\/bioforester.it\/de\/umgebung\/\"]}]},{\"@type\":\"BreadcrumbList\",\"@id\":\"https:\/\/bioforester.it\/de\/umgebung\/#breadcrumb\",\"itemListElement\":[{\"@type\":\"ListItem\",\"position\":1,\"name\":\"Home\",\"item\":\"https:\/\/bioforester.it\/de\/\"},{\"@type\":\"ListItem\",\"position\":2,\"name\":\"Umgebung\"}]},{\"@type\":\"WebSite\",\"@id\":\"https:\/\/bioforester.it\/de\/#website\",\"url\":\"https:\/\/bioforester.it\/de\/\",\"name\":\"BioForester a Manerba del Garda, appartamenti per vacanze sul Lago di Garda\",\"description\":\"La tua vacanza Bio sul Lago di Garda\",\"potentialAction\":[{\"@type\":\"SearchAction\",\"target\":{\"@type\":\"EntryPoint\",\"urlTemplate\":\"https:\/\/bioforester.it\/de\/?s={search_term_string}\"},\"query-input\":\"required name=search_term_string\"}],\"inLanguage\":\"de\"}]}<\/script>\n<!-- \/ Yoast SEO plugin. -->","yoast_head_json":{"title":"Umgebung - BioForester a Manerba del Garda, appartamenti per vacanze sul Lago di Garda","robots":{"index":"index","follow":"follow","max-snippet":"max-snippet:-1","max-image-preview":"max-image-preview:large","max-video-preview":"max-video-preview:-1"},"canonical":"https:\/\/bioforester.it\/de\/umgebung\/","og_locale":"de_DE","og_type":"article","og_title":"Umgebung - BioForester a Manerba del Garda, appartamenti per vacanze sul Lago di Garda","og_description":"&nbsp; &nbsp; &nbsp; &nbsp; &nbsp;","og_url":"https:\/\/bioforester.it\/de\/umgebung\/","og_site_name":"BioForester a Manerba del Garda, appartamenti per vacanze sul Lago di Garda","article_modified_time":"2017-11-10T10:04:52+00:00","og_image":[{"width":1040,"height":780,"url":"https:\/\/bioforester.it\/wp-content\/uploads\/2017\/06\/WhatsApp-Image-2017-06-19-at-20.09.51.jpeg","type":"image\/jpeg"}],"twitter_card":"summary_large_image","twitter_misc":{"Gesch\u00e4tzte Lesezeit":"3\u00a0Minuten"},"schema":{"@context":"https:\/\/schema.org","@graph":[{"@type":"WebPage","@id":"https:\/\/bioforester.it\/de\/umgebung\/","url":"https:\/\/bioforester.it\/de\/umgebung\/","name":"Umgebung - BioForester a Manerba del Garda, appartamenti per vacanze sul Lago di Garda","isPartOf":{"@id":"https:\/\/bioforester.it\/de\/#website"},"datePublished":"2017-11-03T09:44:30+00:00","dateModified":"2017-11-10T10:04:52+00:00","breadcrumb":{"@id":"https:\/\/bioforester.it\/de\/umgebung\/#breadcrumb"},"inLanguage":"de","potentialAction":[{"@type":"ReadAction","target":["https:\/\/bioforester.it\/de\/umgebung\/"]}]},{"@type":"BreadcrumbList","@id":"https:\/\/bioforester.it\/de\/umgebung\/#breadcrumb","itemListElement":[{"@type":"ListItem","position":1,"name":"Home","item":"https:\/\/bioforester.it\/de\/"},{"@type":"ListItem","position":2,"name":"Umgebung"}]},{"@type":"WebSite","@id":"https:\/\/bioforester.it\/de\/#website","url":"https:\/\/bioforester.it\/de\/","name":"BioForester a Manerba del Garda, appartamenti per vacanze sul Lago di Garda","description":"La tua vacanza Bio sul Lago di Garda","potentialAction":[{"@type":"SearchAction","target":{"@type":"EntryPoint","urlTemplate":"https:\/\/bioforester.it\/de\/?s={search_term_string}"},"query-input":"required name=search_term_string"}],"inLanguage":"de"}]}},"_links":{"self":[{"href":"https:\/\/bioforester.it\/de\/wp-json\/wp\/v2\/pages\/650"}],"collection":[{"href":"https:\/\/bioforester.it\/de\/wp-json\/wp\/v2\/pages"}],"about":[{"href":"https:\/\/bioforester.it\/de\/wp-json\/wp\/v2\/types\/page"}],"author":[{"embeddable":true,"href":"https:\/\/bioforester.it\/de\/wp-json\/wp\/v2\/users\/2"}],"replies":[{"embeddable":true,"href":"https:\/\/bioforester.it\/de\/wp-json\/wp\/v2\/comments?post=650"}],"version-history":[{"count":3,"href":"https:\/\/bioforester.it\/de\/wp-json\/wp\/v2\/pages\/650\/revisions"}],"predecessor-version":[{"id":693,"href":"https:\/\/bioforester.it\/de\/wp-json\/wp\/v2\/pages\/650\/revisions\/693"}],"wp:featuredmedia":[{"embeddable":true,"href":"https:\/\/bioforester.it\/de\/wp-json\/wp\/v2\/media\/34"}],"wp:attachment":[{"href":"https:\/\/bioforester.it\/de\/wp-json\/wp\/v2\/media?parent=650"}],"curies":[{"name":"wp","href":"https:\/\/api.w.org\/{rel}","templated":true}]}}