{"id":590,"date":"2017-10-17T08:41:30","date_gmt":"2017-10-17T08:41:30","guid":{"rendered":"https:\/\/bioforester.it\/?page_id=590"},"modified":"2017-10-17T08:41:30","modified_gmt":"2017-10-17T08:41:30","slug":"cookie-policy","status":"publish","type":"page","link":"https:\/\/bioforester.it\/de\/cookie-policy\/","title":{"rendered":"Cookie policy"},"content":{"rendered":"<h3>Maggiori Informazioni<\/h3>\n<p>Questo sito potrebbe archiviare o recuperare informazioni dal browser, soprattutto sotto forma di cookie. Tali informazioni possono riguardare l&#8217;utente, le sue preferenze o il dispositivo di accesso a Internet (computer, tablet o cellulare) e vengono utilizzate principalmente per adeguare il funzionamento del sito alle aspettative dell&#8217;utente, offrendo un&#8217;esperienza di navigazione pi\u00f9 personalizzata e memorizzando le scelte effettuate in precedenza.<br \/>\nDi seguito \u00e8 possibile saperne di pi\u00f9 sui vari modi in cui utilizziamo i cookie. Se lo si desidera, \u00e8 possibile impedire il salvataggio di alcuni o tutti i cookie. Tuttavia, in questo caso l&#8217;utilizzo del sito e dei servizi offerti potrebbe risultarne compromesso.<\/p>\n<p>&nbsp;<\/p>\n<h3>Cookie indispensabili<\/h3>\n<p>Questi cookie sono necessari al corretto funzionamento del sito consentono la navigazione delle pagine, senza questi cookie non potremmo fornire i servizi per i quali gli utenti accedono al sito.<\/p>\n<p>&nbsp;<\/p>\n<h3>Cookie prestazionali<\/h3>\n<p>Questi cookie permettono di sapere in che modo i visitatori utilizzano il sito, per poterne cos\u00ec valutare e migliorare il funzionamento. Ad esempio, consentono di sapere quali sono le pagine pi\u00f9 e meno frequentate. Tengono conto, tra le altre cose, del numero di visitatori, del tempo trascorso sul sito dagli utenti e delle modalit\u00e0 di reperimento. In questo modo, possiamo sapere che cosa funziona bene e che cosa migliorare, oltre ad assicurarci che le pagine si carichino velocemente e siano visualizzate correttamente.<br \/>\nTutte le informazioni raccolte da questi cookie sono anonime e non collegate ai dati personali dell&#8217;utente. Utilizziamo i servizi di terze parti per eseguire queste funzioni.<\/p>\n<p>&nbsp;<\/p>\n<h3>Cookie funzionali<\/h3>\n<p>Questi cookie consentono di offrire funzionalit\u00e0 avanzate, nonch\u00e9 maggiori informazioni e funzioni personali. Ci\u00f2 include la possibilit\u00e0 di guardare video, fornire informazioni e consentire agli utenti di condividere contenuti attraverso i social network.<br \/>\nTali servizi sono principalmente forniti da operatori esterni. Se si dispone di un account o se si utilizzano i servizi di tali soggetti su altri siti Web, questi potrebbero essere in grado di sapere che l&#8217;utente ha visitato i nostri siti. L&#8217;utilizzo dei dati raccolti da questi operatori esterni tramite cookie \u00e8 sottoposto alle rispettive politiche sulla privacy e pertanto si identificano tali cookie con i nomi dei rispettivi soggetti.<\/p>\n<p>&nbsp;<\/p>\n<h3>Cookie per il targeting pubblicitario<\/h3>\n<p>Questo sito potrebbe utilizzare cookie di terze parti per pubblicare inserzioni definite in base agli interessi degli utenti. Questi cookie consentono di offrire annunci relativi all&#8217;utente e ai rispettivi interessi. Vengono inoltre utilizzati per limitare il numero di visualizzazioni di un annuncio e per valutare l&#8217;efficacia delle campagne pubblicitarie.<br \/>\nVengono inseriti dai partner del nostro circuito pubblicitario e contribuiscono al nostro investimento nei siti Web, permettendoci di mantenere le tariffe pi\u00f9 basse possibili. Possono essere utilizzati anche per mostrare all&#8217;utente annunci pertinenti su altri siti Web visitati.<\/p>\n<p>&nbsp;<\/p>\n<h3>Rinuncia ai cookie<\/h3>\n<p>In caso di preoccupazioni sull&#8217;utilizzo dei cookie, \u00e8 possibile intervenire e impedirne l&#8217;impostazione, ad esempio modificando la configurazione del browser per bloccarne determinati tipi.<br \/>\nPer informazioni dettagliate sulla procedura necessaria \u00e8 possibile consultare la guida del browser. Le societ\u00e0 pubblicitarie consentono inoltre di rinunciare alla ricezione di annunci mirati, se lo si desidera. Ci\u00f2 non impedisce l&#8217;impostazione dei cookie, ma interrompe l&#8217;utilizzo e la raccolta di alcuni dati da parte di tali societ\u00e0.<\/p>\n","protected":false},"excerpt":{"rendered":"<p>Maggiori Informazioni Questo sito potrebbe archiviare o recuperare informazioni dal browser, soprattutto sotto forma di cookie. Tali informazioni possono riguardare l&#8217;utente, le sue preferenze o il dispositivo di accesso a Internet (computer, tablet o cellulare) e vengono utilizzate principalmente per adeguare il funzionamento del sito alle aspettative dell&#8217;utente, offrendo un&#8217;esperienza di navigazione pi\u00f9 personalizzata e [&hellip;]<\/p>\n","protected":false},"author":2,"featured_media":0,"parent":0,"menu_order":0,"comment_status":"closed","ping_status":"closed","template":"","meta":[],"yoast_head":"<!-- This site is optimized with the Yoast SEO plugin v20.10 - https:\/\/yoast.com\/wordpress\/plugins\/seo\/ -->\n<title>Cookie policy - BioForester a Manerba del Garda, appartamenti per vacanze sul Lago di Garda<\/title>\n<meta name=\"robots\" content=\"index, follow, max-snippet:-1, max-image-preview:large, max-video-preview:-1\" \/>\n<link rel=\"canonical\" href=\"https:\/\/bioforester.it\/de\/cookie-policy\/\" \/>\n<meta property=\"og:locale\" content=\"de_DE\" \/>\n<meta property=\"og:type\" content=\"article\" \/>\n<meta property=\"og:title\" content=\"Cookie policy - BioForester a Manerba del Garda, appartamenti per vacanze sul Lago di Garda\" \/>\n<meta property=\"og:description\" content=\"Maggiori Informazioni Questo sito potrebbe archiviare o recuperare informazioni dal browser, soprattutto sotto forma di cookie. Tali informazioni possono riguardare l&#8217;utente, le sue preferenze o il dispositivo di accesso a Internet (computer, tablet o cellulare) e vengono utilizzate principalmente per adeguare il funzionamento del sito alle aspettative dell&#8217;utente, offrendo un&#8217;esperienza di navigazione pi\u00f9 personalizzata e [&hellip;]\" \/>\n<meta property=\"og:url\" content=\"https:\/\/bioforester.it\/de\/cookie-policy\/\" \/>\n<meta property=\"og:site_name\" content=\"BioForester a Manerba del Garda, appartamenti per vacanze sul Lago di Garda\" \/>\n<meta name=\"twitter:card\" content=\"summary_large_image\" \/>\n<meta name=\"twitter:label1\" content=\"Gesch\u00e4tzte Lesezeit\" \/>\n\t<meta name=\"twitter:data1\" content=\"3\u00a0Minuten\" \/>\n<script type=\"application\/ld+json\" class=\"yoast-schema-graph\">{\"@context\":\"https:\/\/schema.org\",\"@graph\":[{\"@type\":\"WebPage\",\"@id\":\"https:\/\/bioforester.it\/de\/cookie-policy\/\",\"url\":\"https:\/\/bioforester.it\/de\/cookie-policy\/\",\"name\":\"Cookie policy - BioForester a Manerba del Garda, appartamenti per vacanze sul Lago di Garda\",\"isPartOf\":{\"@id\":\"https:\/\/bioforester.it\/de\/#website\"},\"datePublished\":\"2017-10-17T08:41:30+00:00\",\"dateModified\":\"2017-10-17T08:41:30+00:00\",\"breadcrumb\":{\"@id\":\"https:\/\/bioforester.it\/de\/cookie-policy\/#breadcrumb\"},\"inLanguage\":\"de\",\"potentialAction\":[{\"@type\":\"ReadAction\",\"target\":[\"https:\/\/bioforester.it\/de\/cookie-policy\/\"]}]},{\"@type\":\"BreadcrumbList\",\"@id\":\"https:\/\/bioforester.it\/de\/cookie-policy\/#breadcrumb\",\"itemListElement\":[{\"@type\":\"ListItem\",\"position\":1,\"name\":\"Home\",\"item\":\"https:\/\/bioforester.it\/de\/\"},{\"@type\":\"ListItem\",\"position\":2,\"name\":\"Cookie policy\"}]},{\"@type\":\"WebSite\",\"@id\":\"https:\/\/bioforester.it\/de\/#website\",\"url\":\"https:\/\/bioforester.it\/de\/\",\"name\":\"BioForester a Manerba del Garda, appartamenti per vacanze sul Lago di Garda\",\"description\":\"La tua vacanza Bio sul Lago di Garda\",\"potentialAction\":[{\"@type\":\"SearchAction\",\"target\":{\"@type\":\"EntryPoint\",\"urlTemplate\":\"https:\/\/bioforester.it\/de\/?s={search_term_string}\"},\"query-input\":\"required name=search_term_string\"}],\"inLanguage\":\"de\"}]}<\/script>\n<!-- \/ Yoast SEO plugin. -->","yoast_head_json":{"title":"Cookie policy - BioForester a Manerba del Garda, appartamenti per vacanze sul Lago di Garda","robots":{"index":"index","follow":"follow","max-snippet":"max-snippet:-1","max-image-preview":"max-image-preview:large","max-video-preview":"max-video-preview:-1"},"canonical":"https:\/\/bioforester.it\/de\/cookie-policy\/","og_locale":"de_DE","og_type":"article","og_title":"Cookie policy - BioForester a Manerba del Garda, appartamenti per vacanze sul Lago di Garda","og_description":"Maggiori Informazioni Questo sito potrebbe archiviare o recuperare informazioni dal browser, soprattutto sotto forma di cookie. Tali informazioni possono riguardare l&#8217;utente, le sue preferenze o il dispositivo di accesso a Internet (computer, tablet o cellulare) e vengono utilizzate principalmente per adeguare il funzionamento del sito alle aspettative dell&#8217;utente, offrendo un&#8217;esperienza di navigazione pi\u00f9 personalizzata e [&hellip;]","og_url":"https:\/\/bioforester.it\/de\/cookie-policy\/","og_site_name":"BioForester a Manerba del Garda, appartamenti per vacanze sul Lago di Garda","twitter_card":"summary_large_image","twitter_misc":{"Gesch\u00e4tzte Lesezeit":"3\u00a0Minuten"},"schema":{"@context":"https:\/\/schema.org","@graph":[{"@type":"WebPage","@id":"https:\/\/bioforester.it\/de\/cookie-policy\/","url":"https:\/\/bioforester.it\/de\/cookie-policy\/","name":"Cookie policy - BioForester a Manerba del Garda, appartamenti per vacanze sul Lago di Garda","isPartOf":{"@id":"https:\/\/bioforester.it\/de\/#website"},"datePublished":"2017-10-17T08:41:30+00:00","dateModified":"2017-10-17T08:41:30+00:00","breadcrumb":{"@id":"https:\/\/bioforester.it\/de\/cookie-policy\/#breadcrumb"},"inLanguage":"de","potentialAction":[{"@type":"ReadAction","target":["https:\/\/bioforester.it\/de\/cookie-policy\/"]}]},{"@type":"BreadcrumbList","@id":"https:\/\/bioforester.it\/de\/cookie-policy\/#breadcrumb","itemListElement":[{"@type":"ListItem","position":1,"name":"Home","item":"https:\/\/bioforester.it\/de\/"},{"@type":"ListItem","position":2,"name":"Cookie policy"}]},{"@type":"WebSite","@id":"https:\/\/bioforester.it\/de\/#website","url":"https:\/\/bioforester.it\/de\/","name":"BioForester a Manerba del Garda, appartamenti per vacanze sul Lago di Garda","description":"La tua vacanza Bio sul Lago di Garda","potentialAction":[{"@type":"SearchAction","target":{"@type":"EntryPoint","urlTemplate":"https:\/\/bioforester.it\/de\/?s={search_term_string}"},"query-input":"required name=search_term_string"}],"inLanguage":"de"}]}},"_links":{"self":[{"href":"https:\/\/bioforester.it\/de\/wp-json\/wp\/v2\/pages\/590"}],"collection":[{"href":"https:\/\/bioforester.it\/de\/wp-json\/wp\/v2\/pages"}],"about":[{"href":"https:\/\/bioforester.it\/de\/wp-json\/wp\/v2\/types\/page"}],"author":[{"embeddable":true,"href":"https:\/\/bioforester.it\/de\/wp-json\/wp\/v2\/users\/2"}],"replies":[{"embeddable":true,"href":"https:\/\/bioforester.it\/de\/wp-json\/wp\/v2\/comments?post=590"}],"version-history":[{"count":1,"href":"https:\/\/bioforester.it\/de\/wp-json\/wp\/v2\/pages\/590\/revisions"}],"predecessor-version":[{"id":591,"href":"https:\/\/bioforester.it\/de\/wp-json\/wp\/v2\/pages\/590\/revisions\/591"}],"wp:attachment":[{"href":"https:\/\/bioforester.it\/de\/wp-json\/wp\/v2\/media?parent=590"}],"curies":[{"name":"wp","href":"https:\/\/api.w.org\/{rel}","templated":true}]}}