{"id":584,"date":"2017-10-17T08:33:54","date_gmt":"2017-10-17T08:33:54","guid":{"rendered":"https:\/\/bioforester.it\/?page_id=584"},"modified":"2018-06-19T07:03:42","modified_gmt":"2018-06-19T07:03:42","slug":"home","status":"publish","type":"page","link":"https:\/\/bioforester.it\/de\/","title":{"rendered":"Home"},"content":{"rendered":"<p>Die urspr\u00fcngliche Struktur, ein typisches \u00f6rtliches Bauernhaus, stammt aus den fr\u00fchen 1900er Jahren.<\/p>\n<p>Es wurde von unserer Familie nach einem Brand gekauft und im Laufe der Zeit mehrmals renoviert, das letzte Mal in 2017. Dabei wurden drei moderne, gro\u00dfz\u00fcgige Appartements (Wohnungen) im Erdgeschoss geschaffen, geeignet f\u00fcr vier Erwachsene und einem zus\u00e4tzlichen Kinderbett.<\/p>\n<p>Es ist ein idealer R\u00fcckzugsort, nur ein paar Schritte vom See entfernt umgeben von Olivenb\u00e4umen<\/p>\n","protected":false},"excerpt":{"rendered":"<p>Die urspr\u00fcngliche Struktur, ein typisches \u00f6rtliches Bauernhaus, stammt aus den fr\u00fchen 1900er Jahren. Es wurde von unserer Familie nach einem Brand gekauft und im Laufe der Zeit mehrmals renoviert, das letzte Mal in 2017. Dabei wurden drei moderne, gro\u00dfz\u00fcgige Appartements (Wohnungen) im Erdgeschoss geschaffen, geeignet f\u00fcr vier Erwachsene und einem zus\u00e4tzlichen Kinderbett. Es ist ein [&hellip;]<\/p>\n","protected":false},"author":2,"featured_media":0,"parent":0,"menu_order":0,"comment_status":"closed","ping_status":"closed","template":"","meta":[],"yoast_head":"<!-- This site is optimized with the Yoast SEO plugin v20.10 - https:\/\/yoast.com\/wordpress\/plugins\/seo\/ -->\n<title>Home - BioForester a Manerba del Garda, appartamenti per vacanze sul Lago di Garda<\/title>\n<meta name=\"robots\" content=\"index, follow, max-snippet:-1, max-image-preview:large, max-video-preview:-1\" \/>\n<link rel=\"canonical\" href=\"https:\/\/bioforester.it\/de\/\" \/>\n<meta property=\"og:locale\" content=\"de_DE\" \/>\n<meta property=\"og:type\" content=\"article\" \/>\n<meta property=\"og:title\" content=\"Home - BioForester a Manerba del Garda, appartamenti per vacanze sul Lago di Garda\" \/>\n<meta property=\"og:description\" content=\"Die urspr\u00fcngliche Struktur, ein typisches \u00f6rtliches Bauernhaus, stammt aus den fr\u00fchen 1900er Jahren. Es wurde von unserer Familie nach einem Brand gekauft und im Laufe der Zeit mehrmals renoviert, das letzte Mal in 2017. Dabei wurden drei moderne, gro\u00dfz\u00fcgige Appartements (Wohnungen) im Erdgeschoss geschaffen, geeignet f\u00fcr vier Erwachsene und einem zus\u00e4tzlichen Kinderbett. Es ist ein [&hellip;]\" \/>\n<meta property=\"og:url\" content=\"https:\/\/bioforester.it\/de\/\" \/>\n<meta property=\"og:site_name\" content=\"BioForester a Manerba del Garda, appartamenti per vacanze sul Lago di Garda\" \/>\n<meta property=\"article:modified_time\" content=\"2018-06-19T07:03:42+00:00\" \/>\n<meta name=\"twitter:card\" content=\"summary_large_image\" \/>\n<script type=\"application\/ld+json\" class=\"yoast-schema-graph\">{\"@context\":\"https:\/\/schema.org\",\"@graph\":[{\"@type\":\"WebPage\",\"@id\":\"https:\/\/bioforester.it\/de\/\",\"url\":\"https:\/\/bioforester.it\/de\/\",\"name\":\"Home - BioForester a Manerba del Garda, appartamenti per vacanze sul Lago di Garda\",\"isPartOf\":{\"@id\":\"https:\/\/bioforester.it\/de\/#website\"},\"datePublished\":\"2017-10-17T08:33:54+00:00\",\"dateModified\":\"2018-06-19T07:03:42+00:00\",\"breadcrumb\":{\"@id\":\"https:\/\/bioforester.it\/de\/#breadcrumb\"},\"inLanguage\":\"de\",\"potentialAction\":[{\"@type\":\"ReadAction\",\"target\":[\"https:\/\/bioforester.it\/de\/\"]}]},{\"@type\":\"BreadcrumbList\",\"@id\":\"https:\/\/bioforester.it\/de\/#breadcrumb\",\"itemListElement\":[{\"@type\":\"ListItem\",\"position\":1,\"name\":\"Home\",\"item\":\"https:\/\/bioforester.it\/de\/\"},{\"@type\":\"ListItem\",\"position\":2,\"name\":\"Home\"}]},{\"@type\":\"WebSite\",\"@id\":\"https:\/\/bioforester.it\/de\/#website\",\"url\":\"https:\/\/bioforester.it\/de\/\",\"name\":\"BioForester a Manerba del Garda, appartamenti per vacanze sul Lago di Garda\",\"description\":\"La tua vacanza Bio sul Lago di Garda\",\"potentialAction\":[{\"@type\":\"SearchAction\",\"target\":{\"@type\":\"EntryPoint\",\"urlTemplate\":\"https:\/\/bioforester.it\/de\/?s={search_term_string}\"},\"query-input\":\"required name=search_term_string\"}],\"inLanguage\":\"de\"}]}<\/script>\n<!-- \/ Yoast SEO plugin. -->","yoast_head_json":{"title":"Home - BioForester a Manerba del Garda, appartamenti per vacanze sul Lago di Garda","robots":{"index":"index","follow":"follow","max-snippet":"max-snippet:-1","max-image-preview":"max-image-preview:large","max-video-preview":"max-video-preview:-1"},"canonical":"https:\/\/bioforester.it\/de\/","og_locale":"de_DE","og_type":"article","og_title":"Home - BioForester a Manerba del Garda, appartamenti per vacanze sul Lago di Garda","og_description":"Die urspr\u00fcngliche Struktur, ein typisches \u00f6rtliches Bauernhaus, stammt aus den fr\u00fchen 1900er Jahren. Es wurde von unserer Familie nach einem Brand gekauft und im Laufe der Zeit mehrmals renoviert, das letzte Mal in 2017. Dabei wurden drei moderne, gro\u00dfz\u00fcgige Appartements (Wohnungen) im Erdgeschoss geschaffen, geeignet f\u00fcr vier Erwachsene und einem zus\u00e4tzlichen Kinderbett. Es ist ein [&hellip;]","og_url":"https:\/\/bioforester.it\/de\/","og_site_name":"BioForester a Manerba del Garda, appartamenti per vacanze sul Lago di Garda","article_modified_time":"2018-06-19T07:03:42+00:00","twitter_card":"summary_large_image","schema":{"@context":"https:\/\/schema.org","@graph":[{"@type":"WebPage","@id":"https:\/\/bioforester.it\/de\/","url":"https:\/\/bioforester.it\/de\/","name":"Home - BioForester a Manerba del Garda, appartamenti per vacanze sul Lago di Garda","isPartOf":{"@id":"https:\/\/bioforester.it\/de\/#website"},"datePublished":"2017-10-17T08:33:54+00:00","dateModified":"2018-06-19T07:03:42+00:00","breadcrumb":{"@id":"https:\/\/bioforester.it\/de\/#breadcrumb"},"inLanguage":"de","potentialAction":[{"@type":"ReadAction","target":["https:\/\/bioforester.it\/de\/"]}]},{"@type":"BreadcrumbList","@id":"https:\/\/bioforester.it\/de\/#breadcrumb","itemListElement":[{"@type":"ListItem","position":1,"name":"Home","item":"https:\/\/bioforester.it\/de\/"},{"@type":"ListItem","position":2,"name":"Home"}]},{"@type":"WebSite","@id":"https:\/\/bioforester.it\/de\/#website","url":"https:\/\/bioforester.it\/de\/","name":"BioForester a Manerba del Garda, appartamenti per vacanze sul Lago di Garda","description":"La tua vacanza Bio sul Lago di Garda","potentialAction":[{"@type":"SearchAction","target":{"@type":"EntryPoint","urlTemplate":"https:\/\/bioforester.it\/de\/?s={search_term_string}"},"query-input":"required name=search_term_string"}],"inLanguage":"de"}]}},"_links":{"self":[{"href":"https:\/\/bioforester.it\/de\/wp-json\/wp\/v2\/pages\/584"}],"collection":[{"href":"https:\/\/bioforester.it\/de\/wp-json\/wp\/v2\/pages"}],"about":[{"href":"https:\/\/bioforester.it\/de\/wp-json\/wp\/v2\/types\/page"}],"author":[{"embeddable":true,"href":"https:\/\/bioforester.it\/de\/wp-json\/wp\/v2\/users\/2"}],"replies":[{"embeddable":true,"href":"https:\/\/bioforester.it\/de\/wp-json\/wp\/v2\/comments?post=584"}],"version-history":[{"count":2,"href":"https:\/\/bioforester.it\/de\/wp-json\/wp\/v2\/pages\/584\/revisions"}],"predecessor-version":[{"id":884,"href":"https:\/\/bioforester.it\/de\/wp-json\/wp\/v2\/pages\/584\/revisions\/884"}],"wp:attachment":[{"href":"https:\/\/bioforester.it\/de\/wp-json\/wp\/v2\/media?parent=584"}],"curies":[{"name":"wp","href":"https:\/\/api.w.org\/{rel}","templated":true}]}}