{"id":570,"date":"2017-10-17T08:10:09","date_gmt":"2017-10-17T08:10:09","guid":{"rendered":"https:\/\/bioforester.it\/?page_id=570"},"modified":"2019-05-09T19:05:12","modified_gmt":"2019-05-09T19:05:12","slug":"konditionen","status":"publish","type":"page","link":"https:\/\/bioforester.it\/de\/konditionen\/","title":{"rendered":"Konditionen"},"content":{"rendered":"<h3>Reservierung &amp; Stornierung<\/h3>\n<p>Bei Ihrer Buchung werden 30 % des Gesamtbetrages zur Zahlung f\u00e4llig. Dieser Betrag ist sp\u00e4testens 60 Tage vor Ihrer Ankunft per Kreditkarte oder Bank\u00fcberweisung zu bezahlen, d.h. er muss unserem Konto gutgeschrieben worden sein. Selbstverst\u00e4ndlich erhalten Sie eine Best\u00e4tigung. Wir behalten 30 % des Betrages bei Stornierungen ein. Erfolgen Stornierungen kurzfristig, bzw. bis zu 14 Tage vor Ihrer Anreise, erstatten wir nichts.<\/p>\n<p>Last-Minute-Reservierungen sind in voller H\u00f6he zur Zahlung f\u00e4llig. Der offene Betrag muss 48 Stunden vor Ihrer Ankunft bei uns eingegangen sein.<\/p>\n<h3>Mindestaufenthalt<\/h3>\n<p>2 N\u00e4chte<\/p>\n<h3>Kreditkarten<\/h3>\n<p>Wir akzeptieren Visa, Maestro, Master Card, Diners, Cartas\u00ec<\/p>\n<h3>Bei Ihrer Ankunft<\/h3>\n<p>Wir freuen uns, Sie bei uns zu Gast zu haben. Um Sie anmelden zu k\u00f6nnen, nehmen wir Ihre Personalien auf, die in einem g\u00fcltigen Reisepass\/Personalausweis ausgewiesen sein m\u00fcssen. Da ja einmal etwas zu Bruch gehen kann, ist bei Ihrem check in eine Kaution in H\u00f6he von EUR 200,00 in bar zu hinterlegen, die wir Ihnen selbstverst\u00e4ndlich zur\u00fcckgeben, wenn sich kein Schaden ereignet hat &#8211; um Sch\u00e4den \u00fcber EUR 200,00 abzusichern, hinterlegen wir Ihre Kreditkartennummer. Prepaidkarten oder Karten von American Express akzeptieren wir leider nicht.<\/p>\n<h3>Internet<\/h3>\n<p>Kostenloses WLAN vorhanden. Bitte fragen Sie uns danach.<\/p>\n<h3>Jugendliche unter 18 Jahren<\/h3>\n<p>Ohne Begleitung der Eltern vermieten wir an Jugendliche unter 18 Jahren keine Ferienwohnung.<\/p>\n<h3>Kinder<\/h3>\n<p>Wir bitten Sie herzlich, f\u00fcr das gute Benehmen Ihrer Kinder Sorge zu tragen, wenn Sie mit ihnen auf Gemeinschaftsfl\u00e4chen sind. Ein Kinderbett ist auf Anfrage f\u00fcr EUR 12,00 pro Tag buchbar.<\/p>\n<h3>G\u00e4ste<\/h3>\n<p>Freunde und Verwandte zu Besuch zu haben oder \u00dcbernacht logieren zu lassen, ist ausdr\u00fccklich verboten, selbst wenn die f\u00fcr die Unterkunft m\u00f6gliche Personenzahl nicht ausgelastet ist. Sprechen Sie mit uns!<\/p>\n<h3>Haustiere<\/h3>\n<p>Es tut uns ausgesprochen leid, aber Haustiere sind nicht erlaubt.<\/p>\n<h3>Rauchen<\/h3>\n<p>Das Rauchen in Ihrer Unterkunft ist verboten.<\/p>\n<h3>Nachtruhe<\/h3>\n<p>Zwischen 23.00 &#8211; 08.00 Uhr morgens herrscht im Gesamtkomplex Nachtruhe vor, damit jeder gut schlafen kann.<\/p>\n<h3>Parkplatz<\/h3>\n<p>In unserer Anlage steht Ihnen ein Parkplatz kostenfrei zur Verf\u00fcgung. Ein zweiter Wagen kann nach Absprache ebenfalls abgestellt werden.<\/p>\n<h3>Tor<\/h3>\n<p>Unsere G\u00e4ste sind verpflichtet, das Tor bei jeder Ein- und Ausfahrt zu schlie\u00dfen.<\/p>\n<h3>Verantwortung bei Diebstahl oder Besch\u00e4digung<\/h3>\n<p>Sch\u00e4den aller Art, sowie Diebstahl oder Bruch der Ihnen zur Verf\u00fcgung gestellten Verm\u00f6genswerte werden dem Kunden in Rechnung gestellt &#8211; sei es durch Abzug von der geleisteten Kaution, von der als Garantie eingelesenen Kreditkarte, etc. F\u00fcr Diebstahl, Besch\u00e4digung, etc. aller Ihrer pers\u00f6nlichen Gegenst\u00e4nde \u00fcbernehmen wir keinerlei Haftung. Wir verweisen ferner auf \u201eVertrag f\u00fcr die Wohnungen\u201c.<\/p>\n","protected":false},"excerpt":{"rendered":"<p>Reservierung &amp; Stornierung Bei Ihrer Buchung werden 30 % des Gesamtbetrages zur Zahlung f\u00e4llig. Dieser Betrag ist sp\u00e4testens 60 Tage vor Ihrer Ankunft per Kreditkarte oder Bank\u00fcberweisung zu bezahlen, d.h. er muss unserem Konto gutgeschrieben worden sein. Selbstverst\u00e4ndlich erhalten Sie eine Best\u00e4tigung. Wir behalten 30 % des Betrages bei Stornierungen ein. Erfolgen Stornierungen kurzfristig, bzw. [&hellip;]<\/p>\n","protected":false},"author":2,"featured_media":0,"parent":0,"menu_order":0,"comment_status":"closed","ping_status":"closed","template":"","meta":[],"yoast_head":"<!-- This site is optimized with the Yoast SEO plugin v20.10 - https:\/\/yoast.com\/wordpress\/plugins\/seo\/ -->\n<title>Konditionen - BioForester a Manerba del Garda, appartamenti per vacanze sul Lago di Garda<\/title>\n<meta name=\"robots\" content=\"index, follow, max-snippet:-1, max-image-preview:large, max-video-preview:-1\" \/>\n<link rel=\"canonical\" href=\"https:\/\/bioforester.it\/de\/konditionen\/\" \/>\n<meta property=\"og:locale\" content=\"de_DE\" \/>\n<meta property=\"og:type\" content=\"article\" \/>\n<meta property=\"og:title\" content=\"Konditionen - BioForester a Manerba del Garda, appartamenti per vacanze sul Lago di Garda\" \/>\n<meta property=\"og:description\" content=\"Reservierung &amp; Stornierung Bei Ihrer Buchung werden 30 % des Gesamtbetrages zur Zahlung f\u00e4llig. Dieser Betrag ist sp\u00e4testens 60 Tage vor Ihrer Ankunft per Kreditkarte oder Bank\u00fcberweisung zu bezahlen, d.h. er muss unserem Konto gutgeschrieben worden sein. Selbstverst\u00e4ndlich erhalten Sie eine Best\u00e4tigung. Wir behalten 30 % des Betrages bei Stornierungen ein. Erfolgen Stornierungen kurzfristig, bzw. [&hellip;]\" \/>\n<meta property=\"og:url\" content=\"https:\/\/bioforester.it\/de\/konditionen\/\" \/>\n<meta property=\"og:site_name\" content=\"BioForester a Manerba del Garda, appartamenti per vacanze sul Lago di Garda\" \/>\n<meta property=\"article:modified_time\" content=\"2019-05-09T19:05:12+00:00\" \/>\n<meta name=\"twitter:card\" content=\"summary_large_image\" \/>\n<meta name=\"twitter:label1\" content=\"Gesch\u00e4tzte Lesezeit\" \/>\n\t<meta name=\"twitter:data1\" content=\"2\u00a0Minuten\" \/>\n<script type=\"application\/ld+json\" class=\"yoast-schema-graph\">{\"@context\":\"https:\/\/schema.org\",\"@graph\":[{\"@type\":\"WebPage\",\"@id\":\"https:\/\/bioforester.it\/de\/konditionen\/\",\"url\":\"https:\/\/bioforester.it\/de\/konditionen\/\",\"name\":\"Konditionen - BioForester a Manerba del Garda, appartamenti per vacanze sul Lago di Garda\",\"isPartOf\":{\"@id\":\"https:\/\/bioforester.it\/de\/#website\"},\"datePublished\":\"2017-10-17T08:10:09+00:00\",\"dateModified\":\"2019-05-09T19:05:12+00:00\",\"breadcrumb\":{\"@id\":\"https:\/\/bioforester.it\/de\/konditionen\/#breadcrumb\"},\"inLanguage\":\"de\",\"potentialAction\":[{\"@type\":\"ReadAction\",\"target\":[\"https:\/\/bioforester.it\/de\/konditionen\/\"]}]},{\"@type\":\"BreadcrumbList\",\"@id\":\"https:\/\/bioforester.it\/de\/konditionen\/#breadcrumb\",\"itemListElement\":[{\"@type\":\"ListItem\",\"position\":1,\"name\":\"Home\",\"item\":\"https:\/\/bioforester.it\/de\/\"},{\"@type\":\"ListItem\",\"position\":2,\"name\":\"Konditionen\"}]},{\"@type\":\"WebSite\",\"@id\":\"https:\/\/bioforester.it\/de\/#website\",\"url\":\"https:\/\/bioforester.it\/de\/\",\"name\":\"BioForester a Manerba del Garda, appartamenti per vacanze sul Lago di Garda\",\"description\":\"La tua vacanza Bio sul Lago di Garda\",\"potentialAction\":[{\"@type\":\"SearchAction\",\"target\":{\"@type\":\"EntryPoint\",\"urlTemplate\":\"https:\/\/bioforester.it\/de\/?s={search_term_string}\"},\"query-input\":\"required name=search_term_string\"}],\"inLanguage\":\"de\"}]}<\/script>\n<!-- \/ Yoast SEO plugin. -->","yoast_head_json":{"title":"Konditionen - BioForester a Manerba del Garda, appartamenti per vacanze sul Lago di Garda","robots":{"index":"index","follow":"follow","max-snippet":"max-snippet:-1","max-image-preview":"max-image-preview:large","max-video-preview":"max-video-preview:-1"},"canonical":"https:\/\/bioforester.it\/de\/konditionen\/","og_locale":"de_DE","og_type":"article","og_title":"Konditionen - BioForester a Manerba del Garda, appartamenti per vacanze sul Lago di Garda","og_description":"Reservierung &amp; Stornierung Bei Ihrer Buchung werden 30 % des Gesamtbetrages zur Zahlung f\u00e4llig. Dieser Betrag ist sp\u00e4testens 60 Tage vor Ihrer Ankunft per Kreditkarte oder Bank\u00fcberweisung zu bezahlen, d.h. er muss unserem Konto gutgeschrieben worden sein. Selbstverst\u00e4ndlich erhalten Sie eine Best\u00e4tigung. Wir behalten 30 % des Betrages bei Stornierungen ein. Erfolgen Stornierungen kurzfristig, bzw. [&hellip;]","og_url":"https:\/\/bioforester.it\/de\/konditionen\/","og_site_name":"BioForester a Manerba del Garda, appartamenti per vacanze sul Lago di Garda","article_modified_time":"2019-05-09T19:05:12+00:00","twitter_card":"summary_large_image","twitter_misc":{"Gesch\u00e4tzte Lesezeit":"2\u00a0Minuten"},"schema":{"@context":"https:\/\/schema.org","@graph":[{"@type":"WebPage","@id":"https:\/\/bioforester.it\/de\/konditionen\/","url":"https:\/\/bioforester.it\/de\/konditionen\/","name":"Konditionen - BioForester a Manerba del Garda, appartamenti per vacanze sul Lago di Garda","isPartOf":{"@id":"https:\/\/bioforester.it\/de\/#website"},"datePublished":"2017-10-17T08:10:09+00:00","dateModified":"2019-05-09T19:05:12+00:00","breadcrumb":{"@id":"https:\/\/bioforester.it\/de\/konditionen\/#breadcrumb"},"inLanguage":"de","potentialAction":[{"@type":"ReadAction","target":["https:\/\/bioforester.it\/de\/konditionen\/"]}]},{"@type":"BreadcrumbList","@id":"https:\/\/bioforester.it\/de\/konditionen\/#breadcrumb","itemListElement":[{"@type":"ListItem","position":1,"name":"Home","item":"https:\/\/bioforester.it\/de\/"},{"@type":"ListItem","position":2,"name":"Konditionen"}]},{"@type":"WebSite","@id":"https:\/\/bioforester.it\/de\/#website","url":"https:\/\/bioforester.it\/de\/","name":"BioForester a Manerba del Garda, appartamenti per vacanze sul Lago di Garda","description":"La tua vacanza Bio sul Lago di Garda","potentialAction":[{"@type":"SearchAction","target":{"@type":"EntryPoint","urlTemplate":"https:\/\/bioforester.it\/de\/?s={search_term_string}"},"query-input":"required name=search_term_string"}],"inLanguage":"de"}]}},"_links":{"self":[{"href":"https:\/\/bioforester.it\/de\/wp-json\/wp\/v2\/pages\/570"}],"collection":[{"href":"https:\/\/bioforester.it\/de\/wp-json\/wp\/v2\/pages"}],"about":[{"href":"https:\/\/bioforester.it\/de\/wp-json\/wp\/v2\/types\/page"}],"author":[{"embeddable":true,"href":"https:\/\/bioforester.it\/de\/wp-json\/wp\/v2\/users\/2"}],"replies":[{"embeddable":true,"href":"https:\/\/bioforester.it\/de\/wp-json\/wp\/v2\/comments?post=570"}],"version-history":[{"count":6,"href":"https:\/\/bioforester.it\/de\/wp-json\/wp\/v2\/pages\/570\/revisions"}],"predecessor-version":[{"id":1022,"href":"https:\/\/bioforester.it\/de\/wp-json\/wp\/v2\/pages\/570\/revisions\/1022"}],"wp:attachment":[{"href":"https:\/\/bioforester.it\/de\/wp-json\/wp\/v2\/media?parent=570"}],"curies":[{"name":"wp","href":"https:\/\/api.w.org\/{rel}","templated":true}]}}