{"id":568,"date":"2017-10-17T08:01:34","date_gmt":"2017-10-17T08:01:34","guid":{"rendered":"https:\/\/bioforester.it\/?page_id=568"},"modified":"2017-11-10T10:35:13","modified_gmt":"2017-11-10T10:35:13","slug":"dienstleistungen","status":"publish","type":"page","link":"https:\/\/bioforester.it\/de\/dienstleistungen\/","title":{"rendered":"Services"},"content":{"rendered":"<h3>Check-in<\/h3>\n<p>14.00 &#8211; 19.00 Uhr<\/p>\n<h3>Check-out<\/h3>\n<p>bis 11.00 Uhr<\/p>\n<h3>Reinigung<\/h3>\n<p>Wir reinigen Ihre angemieteten R\u00e4ume t\u00e4glich;<br \/>\nBett- und Tischw\u00e4sche werden zweimal w\u00f6chentlich gewechselt;<br \/>\nBadehandt\u00fccher wechseln wir jeden zweiten Tag.<\/p>\n<h3>Parkplatz<\/h3>\n<p>Der Privatparkplatz befindet sich auf dem Anwesen.<\/p>\n<h3>Internet<\/h3>\n<p>Kostenloses WLAN vorhanden. Bitte fragen Sie uns danach.<\/p>\n","protected":false},"excerpt":{"rendered":"<p>Check-in 14.00 &#8211; 19.00 Uhr Check-out bis 11.00 Uhr Reinigung Wir reinigen Ihre angemieteten R\u00e4ume t\u00e4glich; Bett- und Tischw\u00e4sche werden zweimal w\u00f6chentlich gewechselt; Badehandt\u00fccher wechseln wir jeden zweiten Tag. Parkplatz Der Privatparkplatz befindet sich auf dem Anwesen. Internet Kostenloses WLAN vorhanden. Bitte fragen Sie uns danach.<\/p>\n","protected":false},"author":2,"featured_media":0,"parent":0,"menu_order":0,"comment_status":"closed","ping_status":"closed","template":"","meta":[],"yoast_head":"<!-- This site is optimized with the Yoast SEO plugin v20.10 - https:\/\/yoast.com\/wordpress\/plugins\/seo\/ -->\n<title>Services - BioForester a Manerba del Garda, appartamenti per vacanze sul Lago di Garda<\/title>\n<meta name=\"robots\" content=\"index, follow, max-snippet:-1, max-image-preview:large, max-video-preview:-1\" \/>\n<link rel=\"canonical\" href=\"https:\/\/bioforester.it\/de\/dienstleistungen\/\" \/>\n<meta property=\"og:locale\" content=\"de_DE\" \/>\n<meta property=\"og:type\" content=\"article\" \/>\n<meta property=\"og:title\" content=\"Services - BioForester a Manerba del Garda, appartamenti per vacanze sul Lago di Garda\" \/>\n<meta property=\"og:description\" content=\"Check-in 14.00 &#8211; 19.00 Uhr Check-out bis 11.00 Uhr Reinigung Wir reinigen Ihre angemieteten R\u00e4ume t\u00e4glich; Bett- und Tischw\u00e4sche werden zweimal w\u00f6chentlich gewechselt; Badehandt\u00fccher wechseln wir jeden zweiten Tag. Parkplatz Der Privatparkplatz befindet sich auf dem Anwesen. Internet Kostenloses WLAN vorhanden. Bitte fragen Sie uns danach.\" \/>\n<meta property=\"og:url\" content=\"https:\/\/bioforester.it\/de\/dienstleistungen\/\" \/>\n<meta property=\"og:site_name\" content=\"BioForester a Manerba del Garda, appartamenti per vacanze sul Lago di Garda\" \/>\n<meta property=\"article:modified_time\" content=\"2017-11-10T10:35:13+00:00\" \/>\n<meta name=\"twitter:card\" content=\"summary_large_image\" \/>\n<script type=\"application\/ld+json\" class=\"yoast-schema-graph\">{\"@context\":\"https:\/\/schema.org\",\"@graph\":[{\"@type\":\"WebPage\",\"@id\":\"https:\/\/bioforester.it\/de\/dienstleistungen\/\",\"url\":\"https:\/\/bioforester.it\/de\/dienstleistungen\/\",\"name\":\"Services - BioForester a Manerba del Garda, appartamenti per vacanze sul Lago di Garda\",\"isPartOf\":{\"@id\":\"https:\/\/bioforester.it\/de\/#website\"},\"datePublished\":\"2017-10-17T08:01:34+00:00\",\"dateModified\":\"2017-11-10T10:35:13+00:00\",\"breadcrumb\":{\"@id\":\"https:\/\/bioforester.it\/de\/dienstleistungen\/#breadcrumb\"},\"inLanguage\":\"de\",\"potentialAction\":[{\"@type\":\"ReadAction\",\"target\":[\"https:\/\/bioforester.it\/de\/dienstleistungen\/\"]}]},{\"@type\":\"BreadcrumbList\",\"@id\":\"https:\/\/bioforester.it\/de\/dienstleistungen\/#breadcrumb\",\"itemListElement\":[{\"@type\":\"ListItem\",\"position\":1,\"name\":\"Home\",\"item\":\"https:\/\/bioforester.it\/de\/\"},{\"@type\":\"ListItem\",\"position\":2,\"name\":\"Services\"}]},{\"@type\":\"WebSite\",\"@id\":\"https:\/\/bioforester.it\/de\/#website\",\"url\":\"https:\/\/bioforester.it\/de\/\",\"name\":\"BioForester a Manerba del Garda, appartamenti per vacanze sul Lago di Garda\",\"description\":\"La tua vacanza Bio sul Lago di Garda\",\"potentialAction\":[{\"@type\":\"SearchAction\",\"target\":{\"@type\":\"EntryPoint\",\"urlTemplate\":\"https:\/\/bioforester.it\/de\/?s={search_term_string}\"},\"query-input\":\"required name=search_term_string\"}],\"inLanguage\":\"de\"}]}<\/script>\n<!-- \/ Yoast SEO plugin. -->","yoast_head_json":{"title":"Services - BioForester a Manerba del Garda, appartamenti per vacanze sul Lago di Garda","robots":{"index":"index","follow":"follow","max-snippet":"max-snippet:-1","max-image-preview":"max-image-preview:large","max-video-preview":"max-video-preview:-1"},"canonical":"https:\/\/bioforester.it\/de\/dienstleistungen\/","og_locale":"de_DE","og_type":"article","og_title":"Services - BioForester a Manerba del Garda, appartamenti per vacanze sul Lago di Garda","og_description":"Check-in 14.00 &#8211; 19.00 Uhr Check-out bis 11.00 Uhr Reinigung Wir reinigen Ihre angemieteten R\u00e4ume t\u00e4glich; Bett- und Tischw\u00e4sche werden zweimal w\u00f6chentlich gewechselt; Badehandt\u00fccher wechseln wir jeden zweiten Tag. Parkplatz Der Privatparkplatz befindet sich auf dem Anwesen. Internet Kostenloses WLAN vorhanden. Bitte fragen Sie uns danach.","og_url":"https:\/\/bioforester.it\/de\/dienstleistungen\/","og_site_name":"BioForester a Manerba del Garda, appartamenti per vacanze sul Lago di Garda","article_modified_time":"2017-11-10T10:35:13+00:00","twitter_card":"summary_large_image","schema":{"@context":"https:\/\/schema.org","@graph":[{"@type":"WebPage","@id":"https:\/\/bioforester.it\/de\/dienstleistungen\/","url":"https:\/\/bioforester.it\/de\/dienstleistungen\/","name":"Services - BioForester a Manerba del Garda, appartamenti per vacanze sul Lago di Garda","isPartOf":{"@id":"https:\/\/bioforester.it\/de\/#website"},"datePublished":"2017-10-17T08:01:34+00:00","dateModified":"2017-11-10T10:35:13+00:00","breadcrumb":{"@id":"https:\/\/bioforester.it\/de\/dienstleistungen\/#breadcrumb"},"inLanguage":"de","potentialAction":[{"@type":"ReadAction","target":["https:\/\/bioforester.it\/de\/dienstleistungen\/"]}]},{"@type":"BreadcrumbList","@id":"https:\/\/bioforester.it\/de\/dienstleistungen\/#breadcrumb","itemListElement":[{"@type":"ListItem","position":1,"name":"Home","item":"https:\/\/bioforester.it\/de\/"},{"@type":"ListItem","position":2,"name":"Services"}]},{"@type":"WebSite","@id":"https:\/\/bioforester.it\/de\/#website","url":"https:\/\/bioforester.it\/de\/","name":"BioForester a Manerba del Garda, appartamenti per vacanze sul Lago di Garda","description":"La tua vacanza Bio sul Lago di Garda","potentialAction":[{"@type":"SearchAction","target":{"@type":"EntryPoint","urlTemplate":"https:\/\/bioforester.it\/de\/?s={search_term_string}"},"query-input":"required name=search_term_string"}],"inLanguage":"de"}]}},"_links":{"self":[{"href":"https:\/\/bioforester.it\/de\/wp-json\/wp\/v2\/pages\/568"}],"collection":[{"href":"https:\/\/bioforester.it\/de\/wp-json\/wp\/v2\/pages"}],"about":[{"href":"https:\/\/bioforester.it\/de\/wp-json\/wp\/v2\/types\/page"}],"author":[{"embeddable":true,"href":"https:\/\/bioforester.it\/de\/wp-json\/wp\/v2\/users\/2"}],"replies":[{"embeddable":true,"href":"https:\/\/bioforester.it\/de\/wp-json\/wp\/v2\/comments?post=568"}],"version-history":[{"count":3,"href":"https:\/\/bioforester.it\/de\/wp-json\/wp\/v2\/pages\/568\/revisions"}],"predecessor-version":[{"id":697,"href":"https:\/\/bioforester.it\/de\/wp-json\/wp\/v2\/pages\/568\/revisions\/697"}],"wp:attachment":[{"href":"https:\/\/bioforester.it\/de\/wp-json\/wp\/v2\/media?parent=568"}],"curies":[{"name":"wp","href":"https:\/\/api.w.org\/{rel}","templated":true}]}}